{"id":5833,"date":"2021-01-04T20:07:41","date_gmt":"2021-01-04T20:07:41","guid":{"rendered":"https:\/\/xccommerce.com\/?page_id=5833"},"modified":"2021-06-21T11:13:03","modified_gmt":"2021-06-21T15:13:03","slug":"suite-logicielle-de-gestion-des-promotions","status":"publish","type":"page","link":"https:\/\/xccommerce.com\/fr\/suite-logicielle-de-gestion-des-promotions\/","title":{"rendered":"Suite logicielle de gestion des promotions"},"content":{"rendered":"\n<div class=\"wp-block-columns are-vertically-aligned-top is-layout-flex wp-container-core-columns-is-layout-28f84493 wp-block-columns-is-layout-flex\">\n<div class=\"wp-block-column is-vertically-aligned-top is-layout-flow wp-block-column-is-layout-flow\">\n<div class=\"wp-block-group pt-3\"><div class=\"wp-block-group__inner-container is-layout-flow wp-block-group-is-layout-flow\">\n<div class=\"wp-block-columns is-layout-flex wp-container-core-columns-is-layout-28f84493 wp-block-columns-is-layout-flex\">\n<div class=\"wp-block-column text-center is-layout-flow wp-block-column-is-layout-flow\" style=\"flex-basis:15%\"><a href=\"https:\/\/xccommerce.com\/promotion-solutions-suite\/management-module\/\">    <span class=\"icon-block fas fa-network-wired\" aria-hidden=\"true\" style=\"color:#0ea5e6;\"><\/span>\r\n<\/a>\n\n\n<p><\/p>\n<\/div>\n\n\n\n<div class=\"wp-block-column text-center text-lg-left is-layout-flow wp-block-column-is-layout-flow\" style=\"flex-basis:85%\">\n<h2 class=\"wp-block-heading\">Module de gestion des promotions<\/h2>\n\n\n\n<p>Le module de gestion des promotions est une application bas\u00e9e sur navigateur qui permet de cr\u00e9er et de g\u00e9rer les d\u00e9finitions de vos promotions dans l&rsquo;ensemble des canaux. Il permet une grande complexit\u00e9 promotionnelle avec un processus progressif simplifi\u00e9 par ses assistants.<\/p>\n\n\n\n<div class=\"wp-block-buttons is-layout-flex wp-block-buttons-is-layout-flex\">\n<div class=\"wp-block-button\"><a class=\"wp-block-button__link\" href=\"https:\/\/xccommerce.com\/suite-logicielle-de-gestion-des-promotions\/gestion-des-promotions\/?lang=fr\">En savoir plus<\/a><\/div>\n<\/div>\n<\/div>\n<\/div>\n<\/div><\/div>\n<\/div>\n\n\n\n<div class=\"wp-block-column is-vertically-aligned-top is-layout-flow wp-block-column-is-layout-flow\">\n<div class=\"wp-block-group pt-3\"><div class=\"wp-block-group__inner-container is-layout-flow wp-block-group-is-layout-flow\">\n<div class=\"wp-block-columns is-layout-flex wp-container-core-columns-is-layout-28f84493 wp-block-columns-is-layout-flex\">\n<div class=\"wp-block-column text-center is-layout-flow wp-block-column-is-layout-flow\" style=\"flex-basis:15%\"><a href=\"https:\/\/xccommerce.com\/promotion-solutions-suite\/execution-module\/\">    <span class=\"icon-block fas fa-cogs\" aria-hidden=\"true\" style=\"color:#db11a6;\"><\/span>\r\n<\/a><\/div>\n\n\n\n<div class=\"wp-block-column text-center text-lg-left is-layout-flow wp-block-column-is-layout-flow\" style=\"flex-basis:85%\">\n<h2 class=\"wp-block-heading\">Module d&rsquo;ex\u00e9cution des promotions<\/h2>\n\n\n\n<p>Le module d&rsquo;ex\u00e9cution des promotions est une application logicielle sophistiqu\u00e9e, \u00e0 la pointe de la technologie, qui consid\u00e8re le panier de produits d&rsquo;un consommateur, en analyse le contenu, r\u00e9sout les conflits potentiels et applique toutes les promotions pertinentes, tout en produisant rapidement des informations faciles \u00e0 comprendre sur les r\u00e9compenses, sans l\u2019intervention d\u2019un caissier ni du service \u00e0 la client\u00e8le.<\/p>\n\n\n\n<div class=\"wp-block-buttons is-layout-flex wp-block-buttons-is-layout-flex\">\n<div class=\"wp-block-button\"><a class=\"wp-block-button__link\" href=\"https:\/\/xccommerce.com\/suite-logicielle-de-gestion-des-promotions\/execution-des-promotions\/?lang=fr\">En savoir plus<\/a><\/div>\n<\/div>\n<\/div>\n<\/div>\n<\/div><\/div>\n<\/div>\n<\/div>\n\n\n\n<div class=\"wp-block-columns are-vertically-aligned-top is-layout-flex wp-container-core-columns-is-layout-28f84493 wp-block-columns-is-layout-flex\">\n<div class=\"wp-block-column is-vertically-aligned-top is-layout-flow wp-block-column-is-layout-flow\">\n<div class=\"wp-block-group pt-3\"><div class=\"wp-block-group__inner-container is-layout-flow wp-block-group-is-layout-flow\">\n<div class=\"wp-block-columns is-layout-flex wp-container-core-columns-is-layout-28f84493 wp-block-columns-is-layout-flex\">\n<div class=\"wp-block-column text-center is-layout-flow wp-block-column-is-layout-flow\" style=\"flex-basis:15%\"><a href=\"https:\/\/xccommerce.com\/promotion-solutions-suite\/central-coupon-module\/\">    <span class=\"icon-block fas fa-receipt\" aria-hidden=\"true\" style=\"color:#ff8100;\"><\/span>\r\n<\/a>\n\n\n<p><\/p>\n<\/div>\n\n\n\n<div class=\"wp-block-column text-center text-lg-left is-layout-flow wp-block-column-is-layout-flow\" style=\"flex-basis:85%\">\n<h2 class=\"wp-block-heading\">Module de gestion centralis\u00e9e des coupons<\/h2>\n\n\n\n<p>Le module de gestion centralis\u00e9e des coupons est une application bas\u00e9e sur navigateur qui peut fonctionner de fa\u00e7on ind\u00e9pendante ou de concert avec le module d&rsquo;ex\u00e9cution des promotions (PEM) et permet la cr\u00e9ation, la gestion et le suivi des coupons sur l&rsquo;ensemble des canaux.<\/p>\n\n\n\n<div class=\"wp-block-buttons is-layout-flex wp-block-buttons-is-layout-flex\">\n<div class=\"wp-block-button\"><a class=\"wp-block-button__link\" href=\"https:\/\/xccommerce.com\/suite-logicielle-de-gestion-des-promotions\/gestion-des-coupons\/?lang=fr\">En savoir plus<\/a><\/div>\n<\/div>\n<\/div>\n<\/div>\n<\/div><\/div>\n<\/div>\n\n\n\n<div class=\"wp-block-column is-vertically-aligned-top is-layout-flow wp-block-column-is-layout-flow\">\n<div class=\"wp-block-group pt-3\"><div class=\"wp-block-group__inner-container is-layout-flow wp-block-group-is-layout-flow\">\n<div class=\"wp-block-columns is-layout-flex wp-container-core-columns-is-layout-28f84493 wp-block-columns-is-layout-flex\">\n<div class=\"wp-block-column text-center is-layout-flow wp-block-column-is-layout-flow\" style=\"flex-basis:15%\"><a href=\"https:\/\/xccommerce.com\/promotion-solutions-suite\/continuity-module\/\">    <span class=\"icon-block fas fa-hourglass-half\" aria-hidden=\"true\" style=\"color:#7b0a7e;\"><\/span>\r\n<\/a><\/div>\n\n\n\n<div class=\"wp-block-column text-center text-lg-left is-layout-flow wp-block-column-is-layout-flow\" style=\"flex-basis:85%\">\n<h2 class=\"wp-block-heading\">Module de continuit\u00e9 des promotions<\/h2>\n\n\n\n<p>Le module de continuit\u00e9 des promotions est un module ind\u00e9pendant, qui fonctionne de concert avec le module d&rsquo;ex\u00e9cution des promotions pour cr\u00e9er des promotions bas\u00e9es sur des achats effectu\u00e9s sur une p\u00e9riode donn\u00e9e. Cette solution int\u00e8gre un historique centralis\u00e9 des achats des clients et g\u00e8re les calculs de qualification des promotions. Elle prend en charge tous les types de r\u00e9compenses promotionnelles du module d&rsquo;ex\u00e9cution des promotions et ne n\u00e9cessite aucune action ou intervention du caissier ni du service \u00e0 la client\u00e8le.<\/p>\n\n\n\n<div class=\"wp-block-buttons is-layout-flex wp-block-buttons-is-layout-flex\">\n<div class=\"wp-block-button\"><a class=\"wp-block-button__link\" href=\"https:\/\/xccommerce.com\/suite-logicielle-de-gestion-des-promotions\/continuite-des-promotions\/?lang=fr\">En savoir plus<\/a><\/div>\n<\/div>\n<\/div>\n<\/div>\n<\/div><\/div>\n<\/div>\n<\/div>\n\n\n\n<div class=\"wp-block-columns are-vertically-aligned-top is-layout-flex wp-container-core-columns-is-layout-28f84493 wp-block-columns-is-layout-flex\">\n<div class=\"wp-block-column is-vertically-aligned-top is-layout-flow wp-block-column-is-layout-flow\">\n<div class=\"wp-block-group pt-3\"><div class=\"wp-block-group__inner-container is-layout-flow wp-block-group-is-layout-flow\">\n<div class=\"wp-block-columns is-layout-flex wp-container-core-columns-is-layout-28f84493 wp-block-columns-is-layout-flex\">\n<div class=\"wp-block-column text-center is-layout-flow wp-block-column-is-layout-flow\" style=\"flex-basis:15%\"><a href=\"https:\/\/xccommerce.com\/promotion-solutions-suite\/promotion-information\/\">    <span class=\"icon-block fas fa-server\" aria-hidden=\"true\" style=\"color:#58595b;\"><\/span>\r\n<\/a>\n\n\n<p><\/p>\n<\/div>\n\n\n\n<div class=\"wp-block-column text-center text-lg-left is-layout-flow wp-block-column-is-layout-flow\" style=\"flex-basis:85%\">\n<h2 class=\"wp-block-heading\">Module d&rsquo;information sur les promotions<\/h2>\n\n\n\n<p>Le service d&rsquo;information sur les promotions fournit des renseignements sur les promotions, visibles par les consommateurs lorsqu&rsquo;ils recherchent des produits en ligne.<\/p>\n\n\n\n<div class=\"wp-block-buttons is-layout-flex wp-block-buttons-is-layout-flex\">\n<div class=\"wp-block-button\"><a class=\"wp-block-button__link\" href=\"https:\/\/xccommerce.com\/suite-logicielle-de-gestion-des-promotions\/module-dinformation-sur-les-promotions\/?lang=fr\">En savoir plus<\/a><\/div>\n<\/div>\n\n\n\n<p><\/p>\n<\/div>\n<\/div>\n<\/div><\/div>\n<\/div>\n\n\n\n<div class=\"wp-block-column is-vertically-aligned-top is-layout-flow wp-block-column-is-layout-flow\"><\/div>\n<\/div>\n\n\n<div id=\"contact\" class=\"call-to-action lightblue-bg \">\r\n    <div class=\"row\">\r\n                    <div class=\"col-lg-6 text-center text-lg-left\">\r\n                <div class=\"cta-content\">\r\n                    <h2>Vous voulez en savoir plus? <small>Prenez contact avec nous<\/small><\/h2>                                    <\/div>\r\n            <\/div>\r\n            <div class=\"col-lg-6\">\r\n                <div class=\"cta-image\"><img decoding=\"async\" src=\"https:\/\/xccommerce.com\/wp-content\/uploads\/2020\/12\/Content-Personalization-monetate-scaled.jpeg\" alt=\"70% off coupon on mobile with user's finger hovering over deal\"><\/div>                <div class=\"cta-link\"><a href=\"https:\/\/xccommerce.com\/contact\/?lang=fr\" class=\"btn\">Nous contacter<\/a><\/div>            <\/div>\r\n            <\/div>\r\n<\/div>\r\n\n\n\n<p><\/p>\n","protected":false},"excerpt":{"rendered":"<p>Module de gestion des promotions Le module de gestion des promotions est une application bas\u00e9e sur navigateur qui permet de cr\u00e9er et de g\u00e9rer les d\u00e9finitions de vos promotions dans l&rsquo;ensemble des canaux. Il permet une grande complexit\u00e9 promotionnelle avec un processus progressif simplifi\u00e9 par ses assistants. Module d&rsquo;ex\u00e9cution des&#8230;<\/p>\n","protected":false},"author":1,"featured_media":0,"parent":0,"menu_order":0,"comment_status":"closed","ping_status":"closed","template":"page-imgDark.php","meta":{"_acf_changed":false,"_themeisle_gutenberg_block_has_review":false,"footnotes":""},"class_list":["post-5833","page","type-page","status-publish","hentry"],"acf":[],"yoast_head":"<!-- This site is optimized with the Yoast SEO plugin v27.4 - https:\/\/yoast.com\/product\/yoast-seo-wordpress\/ -->\n<title>Suite logicielle de gestion des promotions - XCCommerce<\/title>\n<meta name=\"robots\" content=\"index, follow, max-snippet:-1, max-image-preview:large, max-video-preview:-1\" \/>\n<link rel=\"canonical\" href=\"https:\/\/xccommerce.com\/fr\/suite-logicielle-de-gestion-des-promotions\/\" \/>\n<meta property=\"og:locale\" content=\"fr_FR\" \/>\n<meta property=\"og:type\" content=\"article\" \/>\n<meta property=\"og:title\" content=\"Suite logicielle de gestion des promotions - XCCommerce\" \/>\n<meta property=\"og:description\" content=\"Module de gestion des promotions Le module de gestion des promotions est une application bas\u00e9e sur navigateur qui permet de cr\u00e9er et de g\u00e9rer les d\u00e9finitions de vos promotions dans l&rsquo;ensemble des canaux. Il permet une grande complexit\u00e9 promotionnelle avec un processus progressif simplifi\u00e9 par ses assistants. Module d&rsquo;ex\u00e9cution des...\" \/>\n<meta property=\"og:url\" content=\"https:\/\/xccommerce.com\/fr\/suite-logicielle-de-gestion-des-promotions\/\" \/>\n<meta property=\"og:site_name\" content=\"XCCommerce\" \/>\n<meta property=\"article:modified_time\" content=\"2021-06-21T15:13:03+00:00\" \/>\n<meta name=\"twitter:card\" content=\"summary_large_image\" \/>\n<meta name=\"twitter:label1\" content=\"Dur\u00e9e de lecture estim\u00e9e\" \/>\n\t<meta name=\"twitter:data1\" content=\"2 minutes\" \/>\n<script type=\"application\/ld+json\" class=\"yoast-schema-graph\">{\"@context\":\"https:\\\/\\\/schema.org\",\"@graph\":[{\"@type\":\"WebPage\",\"@id\":\"https:\\\/\\\/xccommerce.com\\\/fr\\\/suite-logicielle-de-gestion-des-promotions\\\/\",\"url\":\"https:\\\/\\\/xccommerce.com\\\/fr\\\/suite-logicielle-de-gestion-des-promotions\\\/\",\"name\":\"Suite logicielle de gestion des promotions - XCCommerce\",\"isPartOf\":{\"@id\":\"https:\\\/\\\/xccommerce.com\\\/fr\\\/#website\"},\"datePublished\":\"2021-01-04T20:07:41+00:00\",\"dateModified\":\"2021-06-21T15:13:03+00:00\",\"breadcrumb\":{\"@id\":\"https:\\\/\\\/xccommerce.com\\\/fr\\\/suite-logicielle-de-gestion-des-promotions\\\/#breadcrumb\"},\"inLanguage\":\"fr-FR\",\"potentialAction\":[{\"@type\":\"ReadAction\",\"target\":[\"https:\\\/\\\/xccommerce.com\\\/fr\\\/suite-logicielle-de-gestion-des-promotions\\\/\"]}]},{\"@type\":\"BreadcrumbList\",\"@id\":\"https:\\\/\\\/xccommerce.com\\\/fr\\\/suite-logicielle-de-gestion-des-promotions\\\/#breadcrumb\",\"itemListElement\":[{\"@type\":\"ListItem\",\"position\":1,\"name\":\"Home\",\"item\":\"https:\\\/\\\/xccommerce.com\\\/fr\\\/?lang=fr\"},{\"@type\":\"ListItem\",\"position\":2,\"name\":\"Suite logicielle de gestion des promotions\"}]},{\"@type\":\"WebSite\",\"@id\":\"https:\\\/\\\/xccommerce.com\\\/fr\\\/#website\",\"url\":\"https:\\\/\\\/xccommerce.com\\\/fr\\\/\",\"name\":\"XCCommerce\",\"description\":\"Innovative and transformative solutions for retailers\",\"potentialAction\":[{\"@type\":\"SearchAction\",\"target\":{\"@type\":\"EntryPoint\",\"urlTemplate\":\"https:\\\/\\\/xccommerce.com\\\/fr\\\/?s={search_term_string}\"},\"query-input\":{\"@type\":\"PropertyValueSpecification\",\"valueRequired\":true,\"valueName\":\"search_term_string\"}}],\"inLanguage\":\"fr-FR\"}]}<\/script>\n<!-- \/ Yoast SEO plugin. -->","yoast_head_json":{"title":"Suite logicielle de gestion des promotions - XCCommerce","robots":{"index":"index","follow":"follow","max-snippet":"max-snippet:-1","max-image-preview":"max-image-preview:large","max-video-preview":"max-video-preview:-1"},"canonical":"https:\/\/xccommerce.com\/fr\/suite-logicielle-de-gestion-des-promotions\/","og_locale":"fr_FR","og_type":"article","og_title":"Suite logicielle de gestion des promotions - XCCommerce","og_description":"Module de gestion des promotions Le module de gestion des promotions est une application bas\u00e9e sur navigateur qui permet de cr\u00e9er et de g\u00e9rer les d\u00e9finitions de vos promotions dans l&rsquo;ensemble des canaux. Il permet une grande complexit\u00e9 promotionnelle avec un processus progressif simplifi\u00e9 par ses assistants. Module d&rsquo;ex\u00e9cution des...","og_url":"https:\/\/xccommerce.com\/fr\/suite-logicielle-de-gestion-des-promotions\/","og_site_name":"XCCommerce","article_modified_time":"2021-06-21T15:13:03+00:00","twitter_card":"summary_large_image","twitter_misc":{"Dur\u00e9e de lecture estim\u00e9e":"2 minutes"},"schema":{"@context":"https:\/\/schema.org","@graph":[{"@type":"WebPage","@id":"https:\/\/xccommerce.com\/fr\/suite-logicielle-de-gestion-des-promotions\/","url":"https:\/\/xccommerce.com\/fr\/suite-logicielle-de-gestion-des-promotions\/","name":"Suite logicielle de gestion des promotions - XCCommerce","isPartOf":{"@id":"https:\/\/xccommerce.com\/fr\/#website"},"datePublished":"2021-01-04T20:07:41+00:00","dateModified":"2021-06-21T15:13:03+00:00","breadcrumb":{"@id":"https:\/\/xccommerce.com\/fr\/suite-logicielle-de-gestion-des-promotions\/#breadcrumb"},"inLanguage":"fr-FR","potentialAction":[{"@type":"ReadAction","target":["https:\/\/xccommerce.com\/fr\/suite-logicielle-de-gestion-des-promotions\/"]}]},{"@type":"BreadcrumbList","@id":"https:\/\/xccommerce.com\/fr\/suite-logicielle-de-gestion-des-promotions\/#breadcrumb","itemListElement":[{"@type":"ListItem","position":1,"name":"Home","item":"https:\/\/xccommerce.com\/fr\/?lang=fr"},{"@type":"ListItem","position":2,"name":"Suite logicielle de gestion des promotions"}]},{"@type":"WebSite","@id":"https:\/\/xccommerce.com\/fr\/#website","url":"https:\/\/xccommerce.com\/fr\/","name":"XCCommerce","description":"Innovative and transformative solutions for retailers","potentialAction":[{"@type":"SearchAction","target":{"@type":"EntryPoint","urlTemplate":"https:\/\/xccommerce.com\/fr\/?s={search_term_string}"},"query-input":{"@type":"PropertyValueSpecification","valueRequired":true,"valueName":"search_term_string"}}],"inLanguage":"fr-FR"}]}},"_links":{"self":[{"href":"https:\/\/xccommerce.com\/fr\/wp-json\/wp\/v2\/pages\/5833","targetHints":{"allow":["GET"]}}],"collection":[{"href":"https:\/\/xccommerce.com\/fr\/wp-json\/wp\/v2\/pages"}],"about":[{"href":"https:\/\/xccommerce.com\/fr\/wp-json\/wp\/v2\/types\/page"}],"author":[{"embeddable":true,"href":"https:\/\/xccommerce.com\/fr\/wp-json\/wp\/v2\/users\/1"}],"replies":[{"embeddable":true,"href":"https:\/\/xccommerce.com\/fr\/wp-json\/wp\/v2\/comments?post=5833"}],"version-history":[{"count":0,"href":"https:\/\/xccommerce.com\/fr\/wp-json\/wp\/v2\/pages\/5833\/revisions"}],"wp:attachment":[{"href":"https:\/\/xccommerce.com\/fr\/wp-json\/wp\/v2\/media?parent=5833"}],"curies":[{"name":"wp","href":"https:\/\/api.w.org\/{rel}","templated":true}]}}