{"id":5845,"date":"2021-01-04T20:22:53","date_gmt":"2021-01-04T20:22:53","guid":{"rendered":"https:\/\/xccommerce.com\/?page_id=5845"},"modified":"2021-01-18T16:50:05","modified_gmt":"2021-01-18T16:50:05","slug":"gestion-des-promotions","status":"publish","type":"page","link":"https:\/\/xccommerce.com\/fr\/suite-logicielle-de-gestion-des-promotions\/gestion-des-promotions\/","title":{"rendered":"Gestion des promotions"},"content":{"rendered":"\n<ul class=\"line-list list-w-titles three-column-list pl-0 wp-block-list\"><li><strong>Point de gestion unique pour toutes les promotions<\/strong>Ind\u00e9pendamment de la marque, du canal de vente, du pays, de la devise ou de la langue.<\/li><li><strong>Simplifie et acc\u00e9l\u00e8re les processus de cr\u00e9ation<\/strong>De livraison, de gestion et d&rsquo;ex\u00e9cution des promotions.<\/li><li><strong>Permet de r\u00e9pondre rapidement aux besoins en constante \u00e9volution des entreprises<\/strong>Aux priorit\u00e9s des produits et aux pressions de la concurrence gr\u00e2ce \u00e0 la facilit\u00e9 de d\u00e9ploiement de nouveaux assistants de cr\u00e9ation de promotions totalement diff\u00e9rentes.<\/li><li><strong>Prend en charge les promotions li\u00e9es aux programmes de points de fid\u00e9lit\u00e9<\/strong>Qu&rsquo;elles soient basiques ou avec possibilit\u00e9 de primes et de multiplication des points.&nbsp;<\/li><li><strong>Offre un soutien solide \u00e0 la mise en \u0153uvre de promotions complexes<\/strong>Y compris les promotions sp\u00e9cifiques aux consommateurs, aux secteurs, \u00e0 la fid\u00e9lisation de la client\u00e8le ou aux fournisseurs, ou encore les promotions inscrites dans un cadre temporel ou ax\u00e9es sur les achats de produits, les forfaits group\u00e9s ou les coupons.<\/li><li><strong>Permet de g\u00e9rer la vente additionnelle<\/strong>La vente crois\u00e9e et les messages marketing sur les re\u00e7us, quelle que soit la langue utilis\u00e9e par votre entreprise.<\/li><li><strong>Offre des fonctionnalit\u00e9s am\u00e9lior\u00e9es<\/strong>Telles que le clonage les biblioth\u00e8ques, les filtres, etc.<\/li><li><strong>Diminue consid\u00e9rablement les d\u00e9lais de d\u00e9veloppement<\/strong>Diminue consid\u00e9rablement les d\u00e9lais de d\u00e9veloppement et d&rsquo;ex\u00e9cution des programmes promotionnels.<\/li><li><strong>Comprend une fonction d&rsquo;import et d&rsquo;export<\/strong>Des promotions \u00e0 travers diff\u00e9rentes interfaces, y compris les solutions Pub Sub.<\/li><\/ul>\n\n\n\n<div class=\"wp-block-buttons text-right is-layout-flex wp-block-buttons-is-layout-flex\">\n<div class=\"wp-block-button\"><a class=\"wp-block-button__link\" href=\"https:\/\/xccommerce.com\/suite-logicielle-de-gestion-des-promotions\/?lang=fr\">Retour \u00e0 la suite logicielle compl\u00e8te<\/a><\/div>\n<\/div>\n\n\n\n<div style=\"height:50px\" aria-hidden=\"true\" class=\"wp-block-spacer\"><\/div>\n\n\n<div id=\"contact\" class=\"call-to-action lightblue-bg \">\r\n    <div class=\"row\">\r\n                    <div class=\"col-lg-6 text-center text-lg-left\">\r\n                <div class=\"cta-content\">\r\n                    <h2>Vous voulez en savoir plus? <small>Prenez contact avec nous<\/small><\/h2>                                    <\/div>\r\n            <\/div>\r\n            <div class=\"col-lg-6\">\r\n                <div class=\"cta-image\"><img decoding=\"async\" src=\"https:\/\/xccommerce.com\/wp-content\/uploads\/2020\/12\/Content-Personalization-monetate-scaled.jpeg\" alt=\"70% off coupon on mobile with user's finger hovering over deal\"><\/div>                <div class=\"cta-link\"><a href=\"https:\/\/xccommerce.com\/contact\/?lang=fr\" class=\"btn\">Nous contacter<\/a><\/div>            <\/div>\r\n            <\/div>\r\n<\/div>\r\n\n\n\n<p><\/p>\n","protected":false},"excerpt":{"rendered":"<p>Point de gestion unique pour toutes les promotionsInd\u00e9pendamment de la marque, du canal de vente, du pays, de la devise ou de la langue. Simplifie et acc\u00e9l\u00e8re les processus de cr\u00e9ationDe livraison, de gestion et d&rsquo;ex\u00e9cution des promotions. Permet de r\u00e9pondre rapidement aux besoins en constante \u00e9volution des entreprisesAux priorit\u00e9s&#8230;<\/p>\n","protected":false},"author":1,"featured_media":0,"parent":5833,"menu_order":0,"comment_status":"closed","ping_status":"closed","template":"page-imgDark.php","meta":{"_acf_changed":false,"_themeisle_gutenberg_block_has_review":false,"footnotes":""},"class_list":["post-5845","page","type-page","status-publish","hentry"],"acf":[],"yoast_head":"<!-- This site is optimized with the Yoast SEO plugin v27.3 - https:\/\/yoast.com\/product\/yoast-seo-wordpress\/ -->\n<title>Gestion des promotions - XCCommerce<\/title>\n<meta name=\"robots\" content=\"index, follow, max-snippet:-1, max-image-preview:large, max-video-preview:-1\" \/>\n<link rel=\"canonical\" href=\"https:\/\/xccommerce.com\/fr\/suite-logicielle-de-gestion-des-promotions\/gestion-des-promotions\/\" \/>\n<meta property=\"og:locale\" content=\"fr_FR\" \/>\n<meta property=\"og:type\" content=\"article\" \/>\n<meta property=\"og:title\" content=\"Gestion des promotions - XCCommerce\" \/>\n<meta property=\"og:description\" content=\"Point de gestion unique pour toutes les promotionsInd\u00e9pendamment de la marque, du canal de vente, du pays, de la devise ou de la langue. Simplifie et acc\u00e9l\u00e8re les processus de cr\u00e9ationDe livraison, de gestion et d&rsquo;ex\u00e9cution des promotions. Permet de r\u00e9pondre rapidement aux besoins en constante \u00e9volution des entreprisesAux priorit\u00e9s...\" \/>\n<meta property=\"og:url\" content=\"https:\/\/xccommerce.com\/fr\/suite-logicielle-de-gestion-des-promotions\/gestion-des-promotions\/\" \/>\n<meta property=\"og:site_name\" content=\"XCCommerce\" \/>\n<meta property=\"article:modified_time\" content=\"2021-01-18T16:50:05+00:00\" \/>\n<meta name=\"twitter:card\" content=\"summary_large_image\" \/>\n<meta name=\"twitter:label1\" content=\"Dur\u00e9e de lecture estim\u00e9e\" \/>\n\t<meta name=\"twitter:data1\" content=\"2 minutes\" \/>\n<script type=\"application\/ld+json\" class=\"yoast-schema-graph\">{\"@context\":\"https:\\\/\\\/schema.org\",\"@graph\":[{\"@type\":\"WebPage\",\"@id\":\"https:\\\/\\\/xccommerce.com\\\/fr\\\/suite-logicielle-de-gestion-des-promotions\\\/gestion-des-promotions\\\/\",\"url\":\"https:\\\/\\\/xccommerce.com\\\/fr\\\/suite-logicielle-de-gestion-des-promotions\\\/gestion-des-promotions\\\/\",\"name\":\"Gestion des promotions - XCCommerce\",\"isPartOf\":{\"@id\":\"https:\\\/\\\/xccommerce.com\\\/fr\\\/#website\"},\"datePublished\":\"2021-01-04T20:22:53+00:00\",\"dateModified\":\"2021-01-18T16:50:05+00:00\",\"breadcrumb\":{\"@id\":\"https:\\\/\\\/xccommerce.com\\\/fr\\\/suite-logicielle-de-gestion-des-promotions\\\/gestion-des-promotions\\\/#breadcrumb\"},\"inLanguage\":\"fr-FR\",\"potentialAction\":[{\"@type\":\"ReadAction\",\"target\":[\"https:\\\/\\\/xccommerce.com\\\/fr\\\/suite-logicielle-de-gestion-des-promotions\\\/gestion-des-promotions\\\/\"]}]},{\"@type\":\"BreadcrumbList\",\"@id\":\"https:\\\/\\\/xccommerce.com\\\/fr\\\/suite-logicielle-de-gestion-des-promotions\\\/gestion-des-promotions\\\/#breadcrumb\",\"itemListElement\":[{\"@type\":\"ListItem\",\"position\":1,\"name\":\"Home\",\"item\":\"https:\\\/\\\/xccommerce.com\\\/fr\\\/?lang=fr\"},{\"@type\":\"ListItem\",\"position\":2,\"name\":\"Suite logicielle de gestion des promotions\",\"item\":\"https:\\\/\\\/xccommerce.com\\\/fr\\\/suite-logicielle-de-gestion-des-promotions\\\/?lang=fr\"},{\"@type\":\"ListItem\",\"position\":3,\"name\":\"Gestion des promotions\"}]},{\"@type\":\"WebSite\",\"@id\":\"https:\\\/\\\/xccommerce.com\\\/fr\\\/#website\",\"url\":\"https:\\\/\\\/xccommerce.com\\\/fr\\\/\",\"name\":\"XCCommerce\",\"description\":\"Innovative and transformative solutions for retailers\",\"potentialAction\":[{\"@type\":\"SearchAction\",\"target\":{\"@type\":\"EntryPoint\",\"urlTemplate\":\"https:\\\/\\\/xccommerce.com\\\/fr\\\/?s={search_term_string}\"},\"query-input\":{\"@type\":\"PropertyValueSpecification\",\"valueRequired\":true,\"valueName\":\"search_term_string\"}}],\"inLanguage\":\"fr-FR\"}]}<\/script>\n<!-- \/ Yoast SEO plugin. -->","yoast_head_json":{"title":"Gestion des promotions - XCCommerce","robots":{"index":"index","follow":"follow","max-snippet":"max-snippet:-1","max-image-preview":"max-image-preview:large","max-video-preview":"max-video-preview:-1"},"canonical":"https:\/\/xccommerce.com\/fr\/suite-logicielle-de-gestion-des-promotions\/gestion-des-promotions\/","og_locale":"fr_FR","og_type":"article","og_title":"Gestion des promotions - XCCommerce","og_description":"Point de gestion unique pour toutes les promotionsInd\u00e9pendamment de la marque, du canal de vente, du pays, de la devise ou de la langue. Simplifie et acc\u00e9l\u00e8re les processus de cr\u00e9ationDe livraison, de gestion et d&rsquo;ex\u00e9cution des promotions. Permet de r\u00e9pondre rapidement aux besoins en constante \u00e9volution des entreprisesAux priorit\u00e9s...","og_url":"https:\/\/xccommerce.com\/fr\/suite-logicielle-de-gestion-des-promotions\/gestion-des-promotions\/","og_site_name":"XCCommerce","article_modified_time":"2021-01-18T16:50:05+00:00","twitter_card":"summary_large_image","twitter_misc":{"Dur\u00e9e de lecture estim\u00e9e":"2 minutes"},"schema":{"@context":"https:\/\/schema.org","@graph":[{"@type":"WebPage","@id":"https:\/\/xccommerce.com\/fr\/suite-logicielle-de-gestion-des-promotions\/gestion-des-promotions\/","url":"https:\/\/xccommerce.com\/fr\/suite-logicielle-de-gestion-des-promotions\/gestion-des-promotions\/","name":"Gestion des promotions - XCCommerce","isPartOf":{"@id":"https:\/\/xccommerce.com\/fr\/#website"},"datePublished":"2021-01-04T20:22:53+00:00","dateModified":"2021-01-18T16:50:05+00:00","breadcrumb":{"@id":"https:\/\/xccommerce.com\/fr\/suite-logicielle-de-gestion-des-promotions\/gestion-des-promotions\/#breadcrumb"},"inLanguage":"fr-FR","potentialAction":[{"@type":"ReadAction","target":["https:\/\/xccommerce.com\/fr\/suite-logicielle-de-gestion-des-promotions\/gestion-des-promotions\/"]}]},{"@type":"BreadcrumbList","@id":"https:\/\/xccommerce.com\/fr\/suite-logicielle-de-gestion-des-promotions\/gestion-des-promotions\/#breadcrumb","itemListElement":[{"@type":"ListItem","position":1,"name":"Home","item":"https:\/\/xccommerce.com\/fr\/?lang=fr"},{"@type":"ListItem","position":2,"name":"Suite logicielle de gestion des promotions","item":"https:\/\/xccommerce.com\/fr\/suite-logicielle-de-gestion-des-promotions\/?lang=fr"},{"@type":"ListItem","position":3,"name":"Gestion des promotions"}]},{"@type":"WebSite","@id":"https:\/\/xccommerce.com\/fr\/#website","url":"https:\/\/xccommerce.com\/fr\/","name":"XCCommerce","description":"Innovative and transformative solutions for retailers","potentialAction":[{"@type":"SearchAction","target":{"@type":"EntryPoint","urlTemplate":"https:\/\/xccommerce.com\/fr\/?s={search_term_string}"},"query-input":{"@type":"PropertyValueSpecification","valueRequired":true,"valueName":"search_term_string"}}],"inLanguage":"fr-FR"}]}},"_links":{"self":[{"href":"https:\/\/xccommerce.com\/fr\/wp-json\/wp\/v2\/pages\/5845","targetHints":{"allow":["GET"]}}],"collection":[{"href":"https:\/\/xccommerce.com\/fr\/wp-json\/wp\/v2\/pages"}],"about":[{"href":"https:\/\/xccommerce.com\/fr\/wp-json\/wp\/v2\/types\/page"}],"author":[{"embeddable":true,"href":"https:\/\/xccommerce.com\/fr\/wp-json\/wp\/v2\/users\/1"}],"replies":[{"embeddable":true,"href":"https:\/\/xccommerce.com\/fr\/wp-json\/wp\/v2\/comments?post=5845"}],"version-history":[{"count":0,"href":"https:\/\/xccommerce.com\/fr\/wp-json\/wp\/v2\/pages\/5845\/revisions"}],"up":[{"embeddable":true,"href":"https:\/\/xccommerce.com\/fr\/wp-json\/wp\/v2\/pages\/5833"}],"wp:attachment":[{"href":"https:\/\/xccommerce.com\/fr\/wp-json\/wp\/v2\/media?parent=5845"}],"curies":[{"name":"wp","href":"https:\/\/api.w.org\/{rel}","templated":true}]}}