{"id":5849,"date":"2021-01-04T20:23:50","date_gmt":"2021-01-04T20:23:50","guid":{"rendered":"https:\/\/xccommerce.com\/?page_id=5849"},"modified":"2021-01-18T16:49:29","modified_gmt":"2021-01-18T16:49:29","slug":"gestion-des-coupons","status":"publish","type":"page","link":"https:\/\/xccommerce.com\/fr\/suite-logicielle-de-gestion-des-promotions\/gestion-des-coupons\/","title":{"rendered":"Gestion des coupons"},"content":{"rendered":"\n<ul class=\"line-list orange list-w-titles three-column-list pl-0 wp-block-list\"><li><strong>G\u00e9n\u00e9rer Coupons uniques<\/strong>Ce module permettant de g\u00e9n\u00e9rer et de cr\u00e9er des coupons uniques prend actuellement en charge des centaines de millions de coupons pour nos clients.&nbsp;<\/li><li><strong>Prend en charge les coupons ayant une valeur mon\u00e9taire<\/strong>Prend en charge les coupons ayant une valeur mon\u00e9taire, utilisables sur une p\u00e9riode de temps donn\u00e9e, \u00e9liminant ainsi le recours aux cartes-cadeaux lors des campagnes promotionnelles.<\/li><li><strong>Permet d&rsquo;importer des coupons<\/strong>Permet d&rsquo;importer des coupons pr\u00e9d\u00e9finis en termes de valeur, de nombre maximum d&rsquo;utilisations et de dates de validit\u00e9.<\/li><li><strong>Coupons cibl\u00e9s<\/strong>Permet de contr\u00f4ler le nombre d&rsquo;utilisations de coupons cibl\u00e9s, emp\u00eachant leur copie et leur utilisation abusive.<\/li><li><strong>Horizontalement \u00e9volutive pour r\u00e9pondre aux demandes<\/strong>Extensibilit\u00e9 horizontale pour r\u00e9pondre \u00e0 la demande avant ou quand elle se pr\u00e9sente, afin de garantir la disponibilit\u00e9 du coupon pour le client \u00e0 tout moment de son choix.<\/li><li><strong>Contr\u00f4le de s\u00e9curit\u00e9<\/strong>Contr\u00f4les de s\u00e9curit\u00e9 sur la connexion client, l&rsquo;encodage et l&rsquo;utilisation de NIP.<\/li><li><strong>R\u00e9compense La fid\u00e9lit\u00e9 des consommateurs<\/strong>Permet aux d\u00e9taillants de r\u00e9compenser la fid\u00e9lit\u00e9 de leurs clients par des offres cibl\u00e9es et des initiatives de gestion de la relation client.<\/li><li><strong>G\u00e9n\u00e9rer des ID de coupon<\/strong>Prend en charge la g\u00e9n\u00e9ration d&rsquo;identifiants de coupon quand les coupons sont distribu\u00e9s dans le cadre d&rsquo;une campagne promotionnelle.<\/li><li><strong>Comprend une fonction d&rsquo;import et d&rsquo;export<\/strong>Comprend une fonction d&rsquo;import et d&rsquo;export des coupons provenant de diverses sources, y compris les solutions Pub Sub.<\/li><li><strong>Suivi de l&rsquo;utilisation sur tous les canaux<\/strong>Permet le suivi de l&rsquo;\u00e9mission et de l&rsquo;utilisation des coupons dans l&rsquo;ensemble des canaux.<\/li><li><strong>Support IPA Disponible<\/strong>Nombreuses interfaces de programmation disponibles pour g\u00e9rer la validation, la cr\u00e9ation et l&rsquo;utilisation des coupons.<\/li><\/ul>\n\n\n\n<div class=\"wp-block-buttons text-right is-layout-flex wp-block-buttons-is-layout-flex\">\n<div class=\"wp-block-button\"><a class=\"wp-block-button__link\" href=\"https:\/\/xccommerce.com\/suite-logicielle-de-gestion-des-promotions\/?lang=fr\">Retour \u00e0 la suite logicielle compl\u00e8te<\/a><\/div>\n<\/div>\n\n\n\n<div style=\"height:50px\" aria-hidden=\"true\" class=\"wp-block-spacer\"><\/div>\n\n\n\n<p><\/p>\n\n\n<div id=\"contact\" class=\"call-to-action lightblue-bg \">\r\n    <div class=\"row\">\r\n                    <div class=\"col-lg-6 text-center text-lg-left\">\r\n                <div class=\"cta-content\">\r\n                    <h2>Vous voulez en savoir plus? <small>Prenez contact avec nous<\/small><\/h2>                                    <\/div>\r\n            <\/div>\r\n            <div class=\"col-lg-6\">\r\n                <div class=\"cta-image\"><img decoding=\"async\" src=\"https:\/\/xccommerce.com\/wp-content\/uploads\/2020\/12\/Content-Personalization-monetate-scaled.jpeg\" alt=\"70% off coupon on mobile with user's finger hovering over deal\"><\/div>                <div class=\"cta-link\"><a href=\"https:\/\/xccommerce.com\/contact\/?lang=fr\" class=\"btn\">Nous contacter<\/a><\/div>            <\/div>\r\n            <\/div>\r\n<\/div>\r\n\n\n\n<p><\/p>\n","protected":false},"excerpt":{"rendered":"<p>G\u00e9n\u00e9rer Coupons uniquesCe module permettant de g\u00e9n\u00e9rer et de cr\u00e9er des coupons uniques prend actuellement en charge des centaines de millions de coupons pour nos clients.&nbsp; Prend en charge les coupons ayant une valeur mon\u00e9tairePrend en charge les coupons ayant une valeur mon\u00e9taire, utilisables sur une p\u00e9riode de temps donn\u00e9e,&#8230;<\/p>\n","protected":false},"author":1,"featured_media":0,"parent":5833,"menu_order":0,"comment_status":"closed","ping_status":"closed","template":"page-imgDark.php","meta":{"_acf_changed":false,"_themeisle_gutenberg_block_has_review":false,"footnotes":""},"class_list":["post-5849","page","type-page","status-publish","hentry"],"acf":[],"yoast_head":"<!-- This site is optimized with the Yoast SEO plugin v27.4 - https:\/\/yoast.com\/product\/yoast-seo-wordpress\/ -->\n<title>Gestion des coupons - XCCommerce<\/title>\n<meta name=\"robots\" content=\"index, follow, max-snippet:-1, max-image-preview:large, max-video-preview:-1\" \/>\n<link rel=\"canonical\" href=\"https:\/\/xccommerce.com\/fr\/suite-logicielle-de-gestion-des-promotions\/gestion-des-coupons\/\" \/>\n<meta property=\"og:locale\" content=\"fr_FR\" \/>\n<meta property=\"og:type\" content=\"article\" \/>\n<meta property=\"og:title\" content=\"Gestion des coupons - XCCommerce\" \/>\n<meta property=\"og:description\" content=\"G\u00e9n\u00e9rer Coupons uniquesCe module permettant de g\u00e9n\u00e9rer et de cr\u00e9er des coupons uniques prend actuellement en charge des centaines de millions de coupons pour nos clients.&nbsp; Prend en charge les coupons ayant une valeur mon\u00e9tairePrend en charge les coupons ayant une valeur mon\u00e9taire, utilisables sur une p\u00e9riode de temps donn\u00e9e,...\" \/>\n<meta property=\"og:url\" content=\"https:\/\/xccommerce.com\/fr\/suite-logicielle-de-gestion-des-promotions\/gestion-des-coupons\/\" \/>\n<meta property=\"og:site_name\" content=\"XCCommerce\" \/>\n<meta property=\"article:modified_time\" content=\"2021-01-18T16:49:29+00:00\" \/>\n<meta name=\"twitter:card\" content=\"summary_large_image\" \/>\n<meta name=\"twitter:label1\" content=\"Dur\u00e9e de lecture estim\u00e9e\" \/>\n\t<meta name=\"twitter:data1\" content=\"2 minutes\" \/>\n<script type=\"application\/ld+json\" class=\"yoast-schema-graph\">{\"@context\":\"https:\\\/\\\/schema.org\",\"@graph\":[{\"@type\":\"WebPage\",\"@id\":\"https:\\\/\\\/xccommerce.com\\\/fr\\\/suite-logicielle-de-gestion-des-promotions\\\/gestion-des-coupons\\\/\",\"url\":\"https:\\\/\\\/xccommerce.com\\\/fr\\\/suite-logicielle-de-gestion-des-promotions\\\/gestion-des-coupons\\\/\",\"name\":\"Gestion des coupons - XCCommerce\",\"isPartOf\":{\"@id\":\"https:\\\/\\\/xccommerce.com\\\/fr\\\/#website\"},\"datePublished\":\"2021-01-04T20:23:50+00:00\",\"dateModified\":\"2021-01-18T16:49:29+00:00\",\"breadcrumb\":{\"@id\":\"https:\\\/\\\/xccommerce.com\\\/fr\\\/suite-logicielle-de-gestion-des-promotions\\\/gestion-des-coupons\\\/#breadcrumb\"},\"inLanguage\":\"fr-FR\",\"potentialAction\":[{\"@type\":\"ReadAction\",\"target\":[\"https:\\\/\\\/xccommerce.com\\\/fr\\\/suite-logicielle-de-gestion-des-promotions\\\/gestion-des-coupons\\\/\"]}]},{\"@type\":\"BreadcrumbList\",\"@id\":\"https:\\\/\\\/xccommerce.com\\\/fr\\\/suite-logicielle-de-gestion-des-promotions\\\/gestion-des-coupons\\\/#breadcrumb\",\"itemListElement\":[{\"@type\":\"ListItem\",\"position\":1,\"name\":\"Home\",\"item\":\"https:\\\/\\\/xccommerce.com\\\/fr\\\/?lang=fr\"},{\"@type\":\"ListItem\",\"position\":2,\"name\":\"Suite logicielle de gestion des promotions\",\"item\":\"https:\\\/\\\/xccommerce.com\\\/fr\\\/suite-logicielle-de-gestion-des-promotions\\\/?lang=fr\"},{\"@type\":\"ListItem\",\"position\":3,\"name\":\"Gestion des coupons\"}]},{\"@type\":\"WebSite\",\"@id\":\"https:\\\/\\\/xccommerce.com\\\/fr\\\/#website\",\"url\":\"https:\\\/\\\/xccommerce.com\\\/fr\\\/\",\"name\":\"XCCommerce\",\"description\":\"Innovative and transformative solutions for retailers\",\"potentialAction\":[{\"@type\":\"SearchAction\",\"target\":{\"@type\":\"EntryPoint\",\"urlTemplate\":\"https:\\\/\\\/xccommerce.com\\\/fr\\\/?s={search_term_string}\"},\"query-input\":{\"@type\":\"PropertyValueSpecification\",\"valueRequired\":true,\"valueName\":\"search_term_string\"}}],\"inLanguage\":\"fr-FR\"}]}<\/script>\n<!-- \/ Yoast SEO plugin. -->","yoast_head_json":{"title":"Gestion des coupons - XCCommerce","robots":{"index":"index","follow":"follow","max-snippet":"max-snippet:-1","max-image-preview":"max-image-preview:large","max-video-preview":"max-video-preview:-1"},"canonical":"https:\/\/xccommerce.com\/fr\/suite-logicielle-de-gestion-des-promotions\/gestion-des-coupons\/","og_locale":"fr_FR","og_type":"article","og_title":"Gestion des coupons - XCCommerce","og_description":"G\u00e9n\u00e9rer Coupons uniquesCe module permettant de g\u00e9n\u00e9rer et de cr\u00e9er des coupons uniques prend actuellement en charge des centaines de millions de coupons pour nos clients.&nbsp; Prend en charge les coupons ayant une valeur mon\u00e9tairePrend en charge les coupons ayant une valeur mon\u00e9taire, utilisables sur une p\u00e9riode de temps donn\u00e9e,...","og_url":"https:\/\/xccommerce.com\/fr\/suite-logicielle-de-gestion-des-promotions\/gestion-des-coupons\/","og_site_name":"XCCommerce","article_modified_time":"2021-01-18T16:49:29+00:00","twitter_card":"summary_large_image","twitter_misc":{"Dur\u00e9e de lecture estim\u00e9e":"2 minutes"},"schema":{"@context":"https:\/\/schema.org","@graph":[{"@type":"WebPage","@id":"https:\/\/xccommerce.com\/fr\/suite-logicielle-de-gestion-des-promotions\/gestion-des-coupons\/","url":"https:\/\/xccommerce.com\/fr\/suite-logicielle-de-gestion-des-promotions\/gestion-des-coupons\/","name":"Gestion des coupons - XCCommerce","isPartOf":{"@id":"https:\/\/xccommerce.com\/fr\/#website"},"datePublished":"2021-01-04T20:23:50+00:00","dateModified":"2021-01-18T16:49:29+00:00","breadcrumb":{"@id":"https:\/\/xccommerce.com\/fr\/suite-logicielle-de-gestion-des-promotions\/gestion-des-coupons\/#breadcrumb"},"inLanguage":"fr-FR","potentialAction":[{"@type":"ReadAction","target":["https:\/\/xccommerce.com\/fr\/suite-logicielle-de-gestion-des-promotions\/gestion-des-coupons\/"]}]},{"@type":"BreadcrumbList","@id":"https:\/\/xccommerce.com\/fr\/suite-logicielle-de-gestion-des-promotions\/gestion-des-coupons\/#breadcrumb","itemListElement":[{"@type":"ListItem","position":1,"name":"Home","item":"https:\/\/xccommerce.com\/fr\/?lang=fr"},{"@type":"ListItem","position":2,"name":"Suite logicielle de gestion des promotions","item":"https:\/\/xccommerce.com\/fr\/suite-logicielle-de-gestion-des-promotions\/?lang=fr"},{"@type":"ListItem","position":3,"name":"Gestion des coupons"}]},{"@type":"WebSite","@id":"https:\/\/xccommerce.com\/fr\/#website","url":"https:\/\/xccommerce.com\/fr\/","name":"XCCommerce","description":"Innovative and transformative solutions for retailers","potentialAction":[{"@type":"SearchAction","target":{"@type":"EntryPoint","urlTemplate":"https:\/\/xccommerce.com\/fr\/?s={search_term_string}"},"query-input":{"@type":"PropertyValueSpecification","valueRequired":true,"valueName":"search_term_string"}}],"inLanguage":"fr-FR"}]}},"_links":{"self":[{"href":"https:\/\/xccommerce.com\/fr\/wp-json\/wp\/v2\/pages\/5849","targetHints":{"allow":["GET"]}}],"collection":[{"href":"https:\/\/xccommerce.com\/fr\/wp-json\/wp\/v2\/pages"}],"about":[{"href":"https:\/\/xccommerce.com\/fr\/wp-json\/wp\/v2\/types\/page"}],"author":[{"embeddable":true,"href":"https:\/\/xccommerce.com\/fr\/wp-json\/wp\/v2\/users\/1"}],"replies":[{"embeddable":true,"href":"https:\/\/xccommerce.com\/fr\/wp-json\/wp\/v2\/comments?post=5849"}],"version-history":[{"count":0,"href":"https:\/\/xccommerce.com\/fr\/wp-json\/wp\/v2\/pages\/5849\/revisions"}],"up":[{"embeddable":true,"href":"https:\/\/xccommerce.com\/fr\/wp-json\/wp\/v2\/pages\/5833"}],"wp:attachment":[{"href":"https:\/\/xccommerce.com\/fr\/wp-json\/wp\/v2\/media?parent=5849"}],"curies":[{"name":"wp","href":"https:\/\/api.w.org\/{rel}","templated":true}]}}