{"id":5851,"date":"2021-01-04T20:24:16","date_gmt":"2021-01-04T20:24:16","guid":{"rendered":"https:\/\/xccommerce.com\/?page_id=5851"},"modified":"2021-01-18T16:49:09","modified_gmt":"2021-01-18T16:49:09","slug":"continuite-des-promotions","status":"publish","type":"page","link":"https:\/\/xccommerce.com\/fr\/suite-logicielle-de-gestion-des-promotions\/continuite-des-promotions\/","title":{"rendered":"Continuit\u00e9 des promotions"},"content":{"rendered":"\n<ul class=\"line-list purple list-w-titles three-column-list pl-0 wp-block-list\"><li><strong>Permet aux d\u00e9taillants de mettre en \u0153uvre des promotions<\/strong>Permet aux d\u00e9taillants de mettre en \u0153uvre des promotions complexes qui favorisent la fid\u00e9lisation de la client\u00e8le au fil de leurs visites d\u2019achat.<\/li><li><strong>Permet des strat\u00e9gies<\/strong>Permet des strat\u00e9gies de ludification pour les programmes de fid\u00e9lisation.<\/li><li><strong>Interface utilisateur bas\u00e9e sur navigateur.<\/strong>Vue centralis\u00e9e de l&rsquo;historique d&rsquo;achats des clients via une interface utilisateur bas\u00e9e sur navigateur.<\/li><li><strong>Inclusion des achats ant\u00e9rieurs<\/strong>Inclusion des achats ant\u00e9rieurs dans les calculs de qualification des promotions PEM.<\/li><li><strong>Prend en charge tous les types de r\u00e9compenses promotionnelles complexes de PEM<\/strong>Prend en charge tous les types de r\u00e9compenses promotionnelles complexes de PEM, comme les remises, les produits gratuits, les cartes-cadeaux, les points de fid\u00e9lit\u00e9, les coupons, etc.<\/li><li><strong>Automatique sans action manuelle requise<\/strong>Ne n\u00e9cessite aucune action du caissier ni du service \u00e0 la client\u00e8le.<\/li><\/ul>\n\n\n\n<div class=\"wp-block-buttons text-right is-layout-flex wp-block-buttons-is-layout-flex\">\n<div class=\"wp-block-button\"><a class=\"wp-block-button__link\" href=\"https:\/\/xccommerce.com\/suite-logicielle-de-gestion-des-promotions\/?lang=fr\">Retour \u00e0 la suite logicielle compl\u00e8te<\/a><\/div>\n<\/div>\n\n\n\n<div style=\"height:50px\" aria-hidden=\"true\" class=\"wp-block-spacer\"><\/div>\n\n\n<div id=\"contact\" class=\"call-to-action lightblue-bg \">\r\n    <div class=\"row\">\r\n                    <div class=\"col-lg-6 text-center text-lg-left\">\r\n                <div class=\"cta-content\">\r\n                    <h2>Vous voulez en savoir plus? <small>Prenez contact avec nous<\/small><\/h2>                                    <\/div>\r\n            <\/div>\r\n            <div class=\"col-lg-6\">\r\n                <div class=\"cta-image\"><img decoding=\"async\" src=\"https:\/\/xccommerce.com\/wp-content\/uploads\/2020\/12\/Content-Personalization-monetate-scaled.jpeg\" alt=\"70% off coupon on mobile with user's finger hovering over deal\"><\/div>                <div class=\"cta-link\"><a href=\"https:\/\/xccommerce.com\/contact\/?lang=fr\" class=\"btn\">Nous contacter<\/a><\/div>            <\/div>\r\n            <\/div>\r\n<\/div>\r\n\n\n\n<p><\/p>\n","protected":false},"excerpt":{"rendered":"<p>Permet aux d\u00e9taillants de mettre en \u0153uvre des promotionsPermet aux d\u00e9taillants de mettre en \u0153uvre des promotions complexes qui favorisent la fid\u00e9lisation de la client\u00e8le au fil de leurs visites d\u2019achat. Permet des strat\u00e9giesPermet des strat\u00e9gies de ludification pour les programmes de fid\u00e9lisation. Interface utilisateur bas\u00e9e sur navigateur.Vue centralis\u00e9e de&#8230;<\/p>\n","protected":false},"author":1,"featured_media":0,"parent":5833,"menu_order":0,"comment_status":"closed","ping_status":"closed","template":"page-imgDark.php","meta":{"_acf_changed":false,"_themeisle_gutenberg_block_has_review":false,"footnotes":""},"class_list":["post-5851","page","type-page","status-publish","hentry"],"acf":[],"yoast_head":"<!-- This site is optimized with the Yoast SEO plugin v27.3 - https:\/\/yoast.com\/product\/yoast-seo-wordpress\/ -->\n<title>Continuit\u00e9 des promotions - XCCommerce<\/title>\n<meta name=\"robots\" content=\"index, follow, max-snippet:-1, max-image-preview:large, max-video-preview:-1\" \/>\n<link rel=\"canonical\" href=\"https:\/\/xccommerce.com\/fr\/suite-logicielle-de-gestion-des-promotions\/continuite-des-promotions\/\" \/>\n<meta property=\"og:locale\" content=\"fr_FR\" \/>\n<meta property=\"og:type\" content=\"article\" \/>\n<meta property=\"og:title\" content=\"Continuit\u00e9 des promotions - XCCommerce\" \/>\n<meta property=\"og:description\" content=\"Permet aux d\u00e9taillants de mettre en \u0153uvre des promotionsPermet aux d\u00e9taillants de mettre en \u0153uvre des promotions complexes qui favorisent la fid\u00e9lisation de la client\u00e8le au fil de leurs visites d\u2019achat. Permet des strat\u00e9giesPermet des strat\u00e9gies de ludification pour les programmes de fid\u00e9lisation. Interface utilisateur bas\u00e9e sur navigateur.Vue centralis\u00e9e de...\" \/>\n<meta property=\"og:url\" content=\"https:\/\/xccommerce.com\/fr\/suite-logicielle-de-gestion-des-promotions\/continuite-des-promotions\/\" \/>\n<meta property=\"og:site_name\" content=\"XCCommerce\" \/>\n<meta property=\"article:modified_time\" content=\"2021-01-18T16:49:09+00:00\" \/>\n<meta name=\"twitter:card\" content=\"summary_large_image\" \/>\n<meta name=\"twitter:label1\" content=\"Dur\u00e9e de lecture estim\u00e9e\" \/>\n\t<meta name=\"twitter:data1\" content=\"1 minute\" \/>\n<script type=\"application\/ld+json\" class=\"yoast-schema-graph\">{\"@context\":\"https:\\\/\\\/schema.org\",\"@graph\":[{\"@type\":\"WebPage\",\"@id\":\"https:\\\/\\\/xccommerce.com\\\/fr\\\/suite-logicielle-de-gestion-des-promotions\\\/continuite-des-promotions\\\/\",\"url\":\"https:\\\/\\\/xccommerce.com\\\/fr\\\/suite-logicielle-de-gestion-des-promotions\\\/continuite-des-promotions\\\/\",\"name\":\"Continuit\u00e9 des promotions - XCCommerce\",\"isPartOf\":{\"@id\":\"https:\\\/\\\/xccommerce.com\\\/fr\\\/#website\"},\"datePublished\":\"2021-01-04T20:24:16+00:00\",\"dateModified\":\"2021-01-18T16:49:09+00:00\",\"breadcrumb\":{\"@id\":\"https:\\\/\\\/xccommerce.com\\\/fr\\\/suite-logicielle-de-gestion-des-promotions\\\/continuite-des-promotions\\\/#breadcrumb\"},\"inLanguage\":\"fr-FR\",\"potentialAction\":[{\"@type\":\"ReadAction\",\"target\":[\"https:\\\/\\\/xccommerce.com\\\/fr\\\/suite-logicielle-de-gestion-des-promotions\\\/continuite-des-promotions\\\/\"]}]},{\"@type\":\"BreadcrumbList\",\"@id\":\"https:\\\/\\\/xccommerce.com\\\/fr\\\/suite-logicielle-de-gestion-des-promotions\\\/continuite-des-promotions\\\/#breadcrumb\",\"itemListElement\":[{\"@type\":\"ListItem\",\"position\":1,\"name\":\"Home\",\"item\":\"https:\\\/\\\/xccommerce.com\\\/fr\\\/?lang=fr\"},{\"@type\":\"ListItem\",\"position\":2,\"name\":\"Suite logicielle de gestion des promotions\",\"item\":\"https:\\\/\\\/xccommerce.com\\\/fr\\\/suite-logicielle-de-gestion-des-promotions\\\/?lang=fr\"},{\"@type\":\"ListItem\",\"position\":3,\"name\":\"Continuit\u00e9 des promotions\"}]},{\"@type\":\"WebSite\",\"@id\":\"https:\\\/\\\/xccommerce.com\\\/fr\\\/#website\",\"url\":\"https:\\\/\\\/xccommerce.com\\\/fr\\\/\",\"name\":\"XCCommerce\",\"description\":\"Innovative and transformative solutions for retailers\",\"potentialAction\":[{\"@type\":\"SearchAction\",\"target\":{\"@type\":\"EntryPoint\",\"urlTemplate\":\"https:\\\/\\\/xccommerce.com\\\/fr\\\/?s={search_term_string}\"},\"query-input\":{\"@type\":\"PropertyValueSpecification\",\"valueRequired\":true,\"valueName\":\"search_term_string\"}}],\"inLanguage\":\"fr-FR\"}]}<\/script>\n<!-- \/ Yoast SEO plugin. -->","yoast_head_json":{"title":"Continuit\u00e9 des promotions - XCCommerce","robots":{"index":"index","follow":"follow","max-snippet":"max-snippet:-1","max-image-preview":"max-image-preview:large","max-video-preview":"max-video-preview:-1"},"canonical":"https:\/\/xccommerce.com\/fr\/suite-logicielle-de-gestion-des-promotions\/continuite-des-promotions\/","og_locale":"fr_FR","og_type":"article","og_title":"Continuit\u00e9 des promotions - XCCommerce","og_description":"Permet aux d\u00e9taillants de mettre en \u0153uvre des promotionsPermet aux d\u00e9taillants de mettre en \u0153uvre des promotions complexes qui favorisent la fid\u00e9lisation de la client\u00e8le au fil de leurs visites d\u2019achat. Permet des strat\u00e9giesPermet des strat\u00e9gies de ludification pour les programmes de fid\u00e9lisation. Interface utilisateur bas\u00e9e sur navigateur.Vue centralis\u00e9e de...","og_url":"https:\/\/xccommerce.com\/fr\/suite-logicielle-de-gestion-des-promotions\/continuite-des-promotions\/","og_site_name":"XCCommerce","article_modified_time":"2021-01-18T16:49:09+00:00","twitter_card":"summary_large_image","twitter_misc":{"Dur\u00e9e de lecture estim\u00e9e":"1 minute"},"schema":{"@context":"https:\/\/schema.org","@graph":[{"@type":"WebPage","@id":"https:\/\/xccommerce.com\/fr\/suite-logicielle-de-gestion-des-promotions\/continuite-des-promotions\/","url":"https:\/\/xccommerce.com\/fr\/suite-logicielle-de-gestion-des-promotions\/continuite-des-promotions\/","name":"Continuit\u00e9 des promotions - XCCommerce","isPartOf":{"@id":"https:\/\/xccommerce.com\/fr\/#website"},"datePublished":"2021-01-04T20:24:16+00:00","dateModified":"2021-01-18T16:49:09+00:00","breadcrumb":{"@id":"https:\/\/xccommerce.com\/fr\/suite-logicielle-de-gestion-des-promotions\/continuite-des-promotions\/#breadcrumb"},"inLanguage":"fr-FR","potentialAction":[{"@type":"ReadAction","target":["https:\/\/xccommerce.com\/fr\/suite-logicielle-de-gestion-des-promotions\/continuite-des-promotions\/"]}]},{"@type":"BreadcrumbList","@id":"https:\/\/xccommerce.com\/fr\/suite-logicielle-de-gestion-des-promotions\/continuite-des-promotions\/#breadcrumb","itemListElement":[{"@type":"ListItem","position":1,"name":"Home","item":"https:\/\/xccommerce.com\/fr\/?lang=fr"},{"@type":"ListItem","position":2,"name":"Suite logicielle de gestion des promotions","item":"https:\/\/xccommerce.com\/fr\/suite-logicielle-de-gestion-des-promotions\/?lang=fr"},{"@type":"ListItem","position":3,"name":"Continuit\u00e9 des promotions"}]},{"@type":"WebSite","@id":"https:\/\/xccommerce.com\/fr\/#website","url":"https:\/\/xccommerce.com\/fr\/","name":"XCCommerce","description":"Innovative and transformative solutions for retailers","potentialAction":[{"@type":"SearchAction","target":{"@type":"EntryPoint","urlTemplate":"https:\/\/xccommerce.com\/fr\/?s={search_term_string}"},"query-input":{"@type":"PropertyValueSpecification","valueRequired":true,"valueName":"search_term_string"}}],"inLanguage":"fr-FR"}]}},"_links":{"self":[{"href":"https:\/\/xccommerce.com\/fr\/wp-json\/wp\/v2\/pages\/5851","targetHints":{"allow":["GET"]}}],"collection":[{"href":"https:\/\/xccommerce.com\/fr\/wp-json\/wp\/v2\/pages"}],"about":[{"href":"https:\/\/xccommerce.com\/fr\/wp-json\/wp\/v2\/types\/page"}],"author":[{"embeddable":true,"href":"https:\/\/xccommerce.com\/fr\/wp-json\/wp\/v2\/users\/1"}],"replies":[{"embeddable":true,"href":"https:\/\/xccommerce.com\/fr\/wp-json\/wp\/v2\/comments?post=5851"}],"version-history":[{"count":0,"href":"https:\/\/xccommerce.com\/fr\/wp-json\/wp\/v2\/pages\/5851\/revisions"}],"up":[{"embeddable":true,"href":"https:\/\/xccommerce.com\/fr\/wp-json\/wp\/v2\/pages\/5833"}],"wp:attachment":[{"href":"https:\/\/xccommerce.com\/fr\/wp-json\/wp\/v2\/media?parent=5851"}],"curies":[{"name":"wp","href":"https:\/\/api.w.org\/{rel}","templated":true}]}}