{"id":5853,"date":"2021-01-04T20:25:16","date_gmt":"2021-01-04T20:25:16","guid":{"rendered":"https:\/\/xccommerce.com\/?page_id=5853"},"modified":"2021-01-18T16:48:29","modified_gmt":"2021-01-18T16:48:29","slug":"module-dinformation-sur-les-promotions","status":"publish","type":"page","link":"https:\/\/xccommerce.com\/fr\/suite-logicielle-de-gestion-des-promotions\/module-dinformation-sur-les-promotions\/","title":{"rendered":"Information sur les promotions"},"content":{"rendered":"\n<ul class=\"line-list list-w-titles three-column-list pl-0 wp-block-list\"><li><strong>Prix \u200b\u200bde vente et informations sur les remises<\/strong>Prix \u200b\u200bde vente \u00ab&nbsp;final&nbsp;\u00bb apr\u00e8s l\u2019application de la promotion et informations sur les remises pour toutes les offres applicables \u00e0 l\u2019achat d\u2019une unit\u00e9 de produit.<\/li><li><strong>Offres applicables possibles<\/strong>Une liste d&rsquo;offres applicables \u00e0 l\u2019article si les crit\u00e8res sont remplis, comme les BOGO, les offres par lot, group\u00e9es et combin\u00e9es.<\/li><li><strong>S\u00e9lection des offres \u00e0 afficher<\/strong>Les donn\u00e9es de promotion peuvent \u00eatre limit\u00e9es \u00e0 un sous-ensemble des offres d\u00e9finies, masquant les promotions que le d\u00e9taillant peut ne pas vouloir afficher lors de la consultation des articles, telles que les remises au niveau de la commande, les remises sur les cartes de cr\u00e9dit de marque priv\u00e9e, les remises pour les employ\u00e9s, les r\u00e9compenses de fid\u00e9lit\u00e9, etc.<\/li><\/ul>\n\n\n\n<div class=\"wp-block-buttons text-right is-layout-flex wp-block-buttons-is-layout-flex\">\n<div class=\"wp-block-button\"><a class=\"wp-block-button__link\" href=\"https:\/\/xccommerce.com\/suite-logicielle-de-gestion-des-promotions\/?lang=fr\">Retour \u00e0 la suite logicielle compl\u00e8te<\/a><\/div>\n<\/div>\n\n\n\n<div style=\"height:50px\" aria-hidden=\"true\" class=\"wp-block-spacer\"><\/div>\n\n\n<div id=\"contact\" class=\"call-to-action lightblue-bg \">\r\n    <div class=\"row\">\r\n                    <div class=\"col-lg-6 text-center text-lg-left\">\r\n                <div class=\"cta-content\">\r\n                    <h2>Vous voulez en savoir plus? <small>Prenez contact avec nous<\/small><\/h2>                                    <\/div>\r\n            <\/div>\r\n            <div class=\"col-lg-6\">\r\n                <div class=\"cta-image\"><img decoding=\"async\" src=\"https:\/\/xccommerce.com\/wp-content\/uploads\/2020\/12\/Content-Personalization-monetate-scaled.jpeg\" alt=\"70% off coupon on mobile with user's finger hovering over deal\"><\/div>                <div class=\"cta-link\"><a href=\"https:\/\/xccommerce.com\/contact\/?lang=fr\" class=\"btn\">Nous contacter<\/a><\/div>            <\/div>\r\n            <\/div>\r\n<\/div>\r\n\n\n\n<p><\/p>\n","protected":false},"excerpt":{"rendered":"<p>Prix \u200b\u200bde vente et informations sur les remisesPrix \u200b\u200bde vente \u00ab&nbsp;final&nbsp;\u00bb apr\u00e8s l\u2019application de la promotion et informations sur les remises pour toutes les offres applicables \u00e0 l\u2019achat d\u2019une unit\u00e9 de produit. Offres applicables possiblesUne liste d&rsquo;offres applicables \u00e0 l\u2019article si les crit\u00e8res sont remplis, comme les BOGO, les offres&#8230;<\/p>\n","protected":false},"author":1,"featured_media":0,"parent":5833,"menu_order":0,"comment_status":"closed","ping_status":"closed","template":"page-imgDark.php","meta":{"_acf_changed":false,"_themeisle_gutenberg_block_has_review":false,"footnotes":""},"class_list":["post-5853","page","type-page","status-publish","hentry"],"acf":[],"yoast_head":"<!-- This site is optimized with the Yoast SEO plugin v27.5 - https:\/\/yoast.com\/product\/yoast-seo-wordpress\/ -->\n<title>Information sur les promotions - XCCommerce<\/title>\n<meta name=\"robots\" content=\"index, follow, max-snippet:-1, max-image-preview:large, max-video-preview:-1\" \/>\n<link rel=\"canonical\" href=\"https:\/\/xccommerce.com\/fr\/suite-logicielle-de-gestion-des-promotions\/module-dinformation-sur-les-promotions\/\" \/>\n<meta property=\"og:locale\" content=\"fr_FR\" \/>\n<meta property=\"og:type\" content=\"article\" \/>\n<meta property=\"og:title\" content=\"Information sur les promotions - XCCommerce\" \/>\n<meta property=\"og:description\" content=\"Prix \u200b\u200bde vente et informations sur les remisesPrix \u200b\u200bde vente \u00ab&nbsp;final&nbsp;\u00bb apr\u00e8s l\u2019application de la promotion et informations sur les remises pour toutes les offres applicables \u00e0 l\u2019achat d\u2019une unit\u00e9 de produit. Offres applicables possiblesUne liste d&rsquo;offres applicables \u00e0 l\u2019article si les crit\u00e8res sont remplis, comme les BOGO, les offres...\" \/>\n<meta property=\"og:url\" content=\"https:\/\/xccommerce.com\/fr\/suite-logicielle-de-gestion-des-promotions\/module-dinformation-sur-les-promotions\/\" \/>\n<meta property=\"og:site_name\" content=\"XCCommerce\" \/>\n<meta property=\"article:modified_time\" content=\"2021-01-18T16:48:29+00:00\" \/>\n<meta name=\"twitter:card\" content=\"summary_large_image\" \/>\n<meta name=\"twitter:label1\" content=\"Dur\u00e9e de lecture estim\u00e9e\" \/>\n\t<meta name=\"twitter:data1\" content=\"1 minute\" \/>\n<script type=\"application\/ld+json\" class=\"yoast-schema-graph\">{\"@context\":\"https:\\\/\\\/schema.org\",\"@graph\":[{\"@type\":\"WebPage\",\"@id\":\"https:\\\/\\\/xccommerce.com\\\/fr\\\/suite-logicielle-de-gestion-des-promotions\\\/module-dinformation-sur-les-promotions\\\/\",\"url\":\"https:\\\/\\\/xccommerce.com\\\/fr\\\/suite-logicielle-de-gestion-des-promotions\\\/module-dinformation-sur-les-promotions\\\/\",\"name\":\"Information sur les promotions - XCCommerce\",\"isPartOf\":{\"@id\":\"https:\\\/\\\/xccommerce.com\\\/fr\\\/#website\"},\"datePublished\":\"2021-01-04T20:25:16+00:00\",\"dateModified\":\"2021-01-18T16:48:29+00:00\",\"breadcrumb\":{\"@id\":\"https:\\\/\\\/xccommerce.com\\\/fr\\\/suite-logicielle-de-gestion-des-promotions\\\/module-dinformation-sur-les-promotions\\\/#breadcrumb\"},\"inLanguage\":\"fr-FR\",\"potentialAction\":[{\"@type\":\"ReadAction\",\"target\":[\"https:\\\/\\\/xccommerce.com\\\/fr\\\/suite-logicielle-de-gestion-des-promotions\\\/module-dinformation-sur-les-promotions\\\/\"]}]},{\"@type\":\"BreadcrumbList\",\"@id\":\"https:\\\/\\\/xccommerce.com\\\/fr\\\/suite-logicielle-de-gestion-des-promotions\\\/module-dinformation-sur-les-promotions\\\/#breadcrumb\",\"itemListElement\":[{\"@type\":\"ListItem\",\"position\":1,\"name\":\"Home\",\"item\":\"https:\\\/\\\/xccommerce.com\\\/fr\\\/?lang=fr\"},{\"@type\":\"ListItem\",\"position\":2,\"name\":\"Suite logicielle de gestion des promotions\",\"item\":\"https:\\\/\\\/xccommerce.com\\\/fr\\\/suite-logicielle-de-gestion-des-promotions\\\/?lang=fr\"},{\"@type\":\"ListItem\",\"position\":3,\"name\":\"Information sur les promotions\"}]},{\"@type\":\"WebSite\",\"@id\":\"https:\\\/\\\/xccommerce.com\\\/fr\\\/#website\",\"url\":\"https:\\\/\\\/xccommerce.com\\\/fr\\\/\",\"name\":\"XCCommerce\",\"description\":\"Innovative and transformative solutions for retailers\",\"potentialAction\":[{\"@type\":\"SearchAction\",\"target\":{\"@type\":\"EntryPoint\",\"urlTemplate\":\"https:\\\/\\\/xccommerce.com\\\/fr\\\/?s={search_term_string}\"},\"query-input\":{\"@type\":\"PropertyValueSpecification\",\"valueRequired\":true,\"valueName\":\"search_term_string\"}}],\"inLanguage\":\"fr-FR\"}]}<\/script>\n<!-- \/ Yoast SEO plugin. -->","yoast_head_json":{"title":"Information sur les promotions - XCCommerce","robots":{"index":"index","follow":"follow","max-snippet":"max-snippet:-1","max-image-preview":"max-image-preview:large","max-video-preview":"max-video-preview:-1"},"canonical":"https:\/\/xccommerce.com\/fr\/suite-logicielle-de-gestion-des-promotions\/module-dinformation-sur-les-promotions\/","og_locale":"fr_FR","og_type":"article","og_title":"Information sur les promotions - XCCommerce","og_description":"Prix \u200b\u200bde vente et informations sur les remisesPrix \u200b\u200bde vente \u00ab&nbsp;final&nbsp;\u00bb apr\u00e8s l\u2019application de la promotion et informations sur les remises pour toutes les offres applicables \u00e0 l\u2019achat d\u2019une unit\u00e9 de produit. Offres applicables possiblesUne liste d&rsquo;offres applicables \u00e0 l\u2019article si les crit\u00e8res sont remplis, comme les BOGO, les offres...","og_url":"https:\/\/xccommerce.com\/fr\/suite-logicielle-de-gestion-des-promotions\/module-dinformation-sur-les-promotions\/","og_site_name":"XCCommerce","article_modified_time":"2021-01-18T16:48:29+00:00","twitter_card":"summary_large_image","twitter_misc":{"Dur\u00e9e de lecture estim\u00e9e":"1 minute"},"schema":{"@context":"https:\/\/schema.org","@graph":[{"@type":"WebPage","@id":"https:\/\/xccommerce.com\/fr\/suite-logicielle-de-gestion-des-promotions\/module-dinformation-sur-les-promotions\/","url":"https:\/\/xccommerce.com\/fr\/suite-logicielle-de-gestion-des-promotions\/module-dinformation-sur-les-promotions\/","name":"Information sur les promotions - XCCommerce","isPartOf":{"@id":"https:\/\/xccommerce.com\/fr\/#website"},"datePublished":"2021-01-04T20:25:16+00:00","dateModified":"2021-01-18T16:48:29+00:00","breadcrumb":{"@id":"https:\/\/xccommerce.com\/fr\/suite-logicielle-de-gestion-des-promotions\/module-dinformation-sur-les-promotions\/#breadcrumb"},"inLanguage":"fr-FR","potentialAction":[{"@type":"ReadAction","target":["https:\/\/xccommerce.com\/fr\/suite-logicielle-de-gestion-des-promotions\/module-dinformation-sur-les-promotions\/"]}]},{"@type":"BreadcrumbList","@id":"https:\/\/xccommerce.com\/fr\/suite-logicielle-de-gestion-des-promotions\/module-dinformation-sur-les-promotions\/#breadcrumb","itemListElement":[{"@type":"ListItem","position":1,"name":"Home","item":"https:\/\/xccommerce.com\/fr\/?lang=fr"},{"@type":"ListItem","position":2,"name":"Suite logicielle de gestion des promotions","item":"https:\/\/xccommerce.com\/fr\/suite-logicielle-de-gestion-des-promotions\/?lang=fr"},{"@type":"ListItem","position":3,"name":"Information sur les promotions"}]},{"@type":"WebSite","@id":"https:\/\/xccommerce.com\/fr\/#website","url":"https:\/\/xccommerce.com\/fr\/","name":"XCCommerce","description":"Innovative and transformative solutions for retailers","potentialAction":[{"@type":"SearchAction","target":{"@type":"EntryPoint","urlTemplate":"https:\/\/xccommerce.com\/fr\/?s={search_term_string}"},"query-input":{"@type":"PropertyValueSpecification","valueRequired":true,"valueName":"search_term_string"}}],"inLanguage":"fr-FR"}]}},"_links":{"self":[{"href":"https:\/\/xccommerce.com\/fr\/wp-json\/wp\/v2\/pages\/5853","targetHints":{"allow":["GET"]}}],"collection":[{"href":"https:\/\/xccommerce.com\/fr\/wp-json\/wp\/v2\/pages"}],"about":[{"href":"https:\/\/xccommerce.com\/fr\/wp-json\/wp\/v2\/types\/page"}],"author":[{"embeddable":true,"href":"https:\/\/xccommerce.com\/fr\/wp-json\/wp\/v2\/users\/1"}],"replies":[{"embeddable":true,"href":"https:\/\/xccommerce.com\/fr\/wp-json\/wp\/v2\/comments?post=5853"}],"version-history":[{"count":0,"href":"https:\/\/xccommerce.com\/fr\/wp-json\/wp\/v2\/pages\/5853\/revisions"}],"up":[{"embeddable":true,"href":"https:\/\/xccommerce.com\/fr\/wp-json\/wp\/v2\/pages\/5833"}],"wp:attachment":[{"href":"https:\/\/xccommerce.com\/fr\/wp-json\/wp\/v2\/media?parent=5853"}],"curies":[{"name":"wp","href":"https:\/\/api.w.org\/{rel}","templated":true}]}}