{"id":5855,"date":"2021-01-04T20:26:02","date_gmt":"2021-01-04T20:26:02","guid":{"rendered":"https:\/\/xccommerce.com\/?page_id=5855"},"modified":"2021-01-15T21:02:22","modified_gmt":"2021-01-15T21:02:22","slug":"technologie","status":"publish","type":"page","link":"https:\/\/xccommerce.com\/fr\/technologie\/","title":{"rendered":"Technologie"},"content":{"rendered":"\n<div class=\"wp-block-group alignfull spiral-bg mb-0\"><div class=\"wp-block-group__inner-container is-layout-flow wp-block-group-is-layout-flow\">\n<div class=\"wp-block-columns are-vertically-aligned-center container is-layout-flex wp-container-core-columns-is-layout-28f84493 wp-block-columns-is-layout-flex\">\n<div class=\"wp-block-column is-vertically-aligned-center is-layout-flow wp-block-column-is-layout-flow\">\n<h1 class=\"wp-block-heading\">Architecture<br><strong>et<\/strong> technologie<\/h1>\n\n\n\n<p>Enti\u00e8rement d\u00e9velopp\u00e9e par nos soins pour r\u00e9pondre aux besoins d&rsquo;un monde de vente au d\u00e9tail omnicanal, la suite de gestion des promotions et des coupons est une solution logicielle Java con\u00e7ue comme une application orient\u00e9e service, utilis\u00e9e pour la validation des crit\u00e8res li\u00e9s aux promotions et aux coupons et pour l&rsquo;application de diff\u00e9rents types de r\u00e9compenses (rabais, cartes-cadeaux, points de fid\u00e9lit\u00e9, etc.) quel que soit le point de vente, y compris les terminaux de points de vente, terminaux mobiles, kiosques et syst\u00e8mes de commerce \u00e9lectronique. Elle comprend un moteur de r\u00e9solution des conflits des plus efficaces pour choisir le meilleur ensemble de promotions applicables aux achats du client.<\/p>\n\n\n\n<p>D\u2019une grande extensibilit\u00e9, la suite de gestion des promotions peut traiter des centaines de transactions simultan\u00e9es tout en prenant en charge les applications centralis\u00e9es de ventes en ligne et en magasin, avec d\u00e9ploiement local du module d&rsquo;ex\u00e9cution des promotions en option. Elle propose des interfaces de programmation (API) telles que SOAP \/ REST et connexions Socket pour faciliter les communications avec tous les syst\u00e8mes de planification des ressources d&rsquo;entreprise, terminaux de point de vente ou de commerce \u00e9lectronique, ainsi qu&rsquo;avec les applications orient\u00e9es vers les consommateurs fonctionnant sur appareils mobiles ou kiosques.<\/p>\n\n\n\n<div class=\"wp-block-buttons is-layout-flex wp-block-buttons-is-layout-flex\">\n<div class=\"wp-block-button\"><a class=\"wp-block-button__link\" href=\"https:\/\/xccommerce.com\/suite-logicielle-de-gestion-des-promotions\/?lang=fr\">Suite logicielle de gestion des promotions<\/a><\/div>\n<\/div>\n<\/div>\n\n\n\n<div class=\"wp-block-column is-vertically-aligned-center is-layout-flow wp-block-column-is-layout-flow\">\n<figure class=\"wp-block-image size-large m-0\"><img loading=\"lazy\" decoding=\"async\" width=\"897\" height=\"1024\" src=\"https:\/\/xccommerce.com\/wp-content\/uploads\/2021\/01\/computer-floating-897x1024.png\" alt=\"Computer Floating\" class=\"wp-image-6219\" srcset=\"https:\/\/xccommerce.com\/wp-content\/uploads\/2021\/01\/computer-floating-897x1024.png 897w, https:\/\/xccommerce.com\/wp-content\/uploads\/2021\/01\/computer-floating-263x300.png 263w, https:\/\/xccommerce.com\/wp-content\/uploads\/2021\/01\/computer-floating-768x877.png 768w, https:\/\/xccommerce.com\/wp-content\/uploads\/2021\/01\/computer-floating.png 1200w\" sizes=\"auto, (max-width: 897px) 100vw, 897px\" \/><\/figure>\n\n\n\n<p><\/p>\n<\/div>\n<\/div>\n<\/div><\/div>\n\n\n<section id=\"workflow-features\" class=\"flowchart-block shadow-top alignfull mt-0\">\r\n    <div class=\"container\">\r\n        <h2 class=\"text-center\">Flux de travail <strong>et<\/strong> fonctionnalit\u00e9s<\/h2>            <div class=\"flowchart\">\r\n                    <div class=\"row justify-content-center no-gutters top-row\">\r\n                                            <div class=\"col\">\r\n                            <aside class=\"fc-tiem\">\r\n                                                                <p>Les offres promotionnelles et les coupons sont d\u00e9finis en utilisant une interface graphique conviviale.  Des assistants guident les utilisateurs lors de la s\u00e9lection du type d\u2019offre et les diff\u00e9rentes variables \u00e0 configurer, (quantit\u00e9\/montant cible, valeur de r\u00e9compense, etc.). <\/p>                            <\/aside>\r\n                        <\/div>\r\n                                                <div class=\"col\">\r\n                            <aside class=\"fc-tiem\">\r\n                                                                <p>Les offres sont r\u00e9vis\u00e9es, approuv\u00e9es et mises en production.<\/p>                            <\/aside>\r\n                        <\/div>\r\n                                                <div class=\"col\">\r\n                            <aside class=\"fc-tiem\">\r\n                                                                <p>Les coupons sont valid\u00e9s pour s\u2019assurer qu\u2019ils sont toujours actifs, que le nombre maximum d\u2019utilisations ne soit pas d\u00e9pass\u00e9, qu\u2019ils soient bien li\u00e9s au client, etc. <\/p>                            <\/aside>\r\n                        <\/div>\r\n                                                <div class=\"col\">\r\n                            <aside class=\"fc-tiem\">\r\n                                                                <p>Lors de l\u2019ex\u00e9cution de chaque promotion, tous les crit\u00e8res requis sont valid\u00e9s, les r\u00e9compenses applicables sont calcul\u00e9es et tous les  conflits potentiels sont r\u00e9solus selon les r\u00e8gles \u00e9tablies par le d\u00e9taillant. <\/p>                            <\/aside>\r\n                        <\/div>\r\n                                                <div class=\"col\">\r\n                            <aside class=\"fc-tiem\">\r\n                                                                <p>Le d\u00e9tail des promotions et le r\u00e9sultat des calculs sont transmis \u00e0 l\u2019application de ventes qui poss\u00e8de ainsi l\u2019information pertinente pour afficher\/imprimer les d\u00e9tails sur la facture client, incluant possiblement le montant total \u00e9conomis\u00e9, les points de r\u00e9compense, etc., selon les besoins du d\u00e9taillant.<\/p>                            <\/aside>\r\n                        <\/div>\r\n                                                <div class=\"col\">\r\n                            <aside class=\"fc-tiem\">\r\n                                                                <p>Les informations d\u00e9taill\u00e9es peuvent \u00eatre ajout\u00e9es au log des transactions de l\u2019application de ventes et ainsi renseigner les syst\u00e8mes comptables de l\u2019organisation, qu\u2019ils soient financiers ou pour des besoins d\u2019analyse et de rapports<\/p>                            <\/aside>\r\n                        <\/div>\r\n                                            <\/div><div class=\"row justify-content-center align-items-start no-gutters bottom-row\">\r\n                                            <div class=\"col\">\r\n                            <aside class=\"fc-tiem\">\r\n                                                                <p>Le module d&rsquo;ex\u00e9cution des promotions est ex\u00e9cut\u00e9 en tant que service et peut \u00eatre d\u00e9ploy\u00e9 en magasin ou sur un serveur central. Rapide et fluide, il valide toutes les variables et calcule les r\u00e9compenses appropri\u00e9es.<\/p>                            <\/aside>\r\n                        <\/div>\r\n                                                <div class=\"col\">\r\n                            <aside class=\"fc-tiem\">\r\n                                                                <p>Le module d&rsquo;ex\u00e9cution des promotions peut \u00eatre utilis\u00e9 pour les applications de vente en magasins et kiosques, de commerce \u00e9lectronique et toute autre application avec interaction du client, afin de garantir la coh\u00e9rence des types de promotions et offrir une exp\u00e9rience client am\u00e9lior\u00e9e sur toutes les plateformes.<\/p>                            <\/aside>\r\n                        <\/div>\r\n                                                <div class=\"col\">\r\n                            <aside class=\"fc-tiem\">\r\n                                                                <p>Il prend en charge de nombreux types de r\u00e9compenses : rabais mon\u00e9taires (imm\u00e9diats), cartes-cadeaux (utilisation ult\u00e9rieure), primes de fid\u00e9lit\u00e9\/multiplication des points, messages marketing, coupons de retour, etc.<\/p>                            <\/aside>\r\n                        <\/div>\r\n                                                <div class=\"col\">\r\n                            <aside class=\"fc-tiem\">\r\n                                                                <p>L\u2019ex\u00e9cution des offres est compl\u00e8tement automatis\u00e9, ne n\u00e9cessitant aucune formation particuli\u00e8re du caissier, il suffit d&rsquo;entrer ou de scanner les articles achet\u00e9s, ajouter ou r\u00e9cup\u00e9rer les coupons et traiter le paiement.<\/p>                            <\/aside>\r\n                        <\/div>\r\n                                                <div class=\"col\">\r\n                            <aside class=\"fc-tiem\">\r\n                                                                <p>Des lots de coupons s\u00e9rialis\u00e9s peuvent \u00eatre g\u00e9n\u00e9r\u00e9s \u00e0 l\u2019avance ou cr\u00e9\u00e9s en temps r\u00e9el lors de l\u2019\u00e9mission. Ils peuvent \u00eatre destines \u00e0 un usage unique ou avec une limite d\u2019usages maximum. Ils peuvent \u00eatre associ\u00e9s \u00e0 des comptes clients et g\u00e9r\u00e9s tels un porte-monnaie \u00e9lectronique de coupons.<\/p>                            <\/aside>\r\n                        <\/div>\r\n                                                <div class=\"col\">\r\n                            <aside class=\"fc-tiem\">\r\n                                                                <p>L\u2019information pertinente sur l\u2019impact des promotions sur les diff\u00e9rents produits est disponible en version prix-ray\u00e9 ou avec une liste des offres applicables, permettant un affichage pr\u00e9cis pour les achats en ligne ou sur applications mobiles.<\/p>                            <\/aside>\r\n                        <\/div>\r\n                                        <\/div>\r\n            <\/div>\r\n            <\/div>\r\n<\/section>\n\n\n<div style=\"height:35px\" aria-hidden=\"true\" class=\"wp-block-spacer\"><\/div>\n\n\n\n<div class=\"wp-block-group mt-3 is-layout-flow wp-block-group-is-layout-flow\"><div class=\"wp-block-group__inner-container\"><\/div><\/div>\n\n\n<div id=\"contact\" class=\"call-to-action lightblue-bg \">\r\n    <div class=\"row\">\r\n                    <div class=\"col-lg-6 text-center text-lg-left\">\r\n                <div class=\"cta-content\">\r\n                    <h2>Vous voulez en savoir plus? <small>Prenez contact avec nous<\/small><\/h2>                                    <\/div>\r\n            <\/div>\r\n            <div class=\"col-lg-6\">\r\n                <div class=\"cta-image\"><img decoding=\"async\" src=\"https:\/\/xccommerce.com\/wp-content\/uploads\/2020\/12\/Content-Personalization-monetate-scaled.jpeg\" alt=\"70% off coupon on mobile with user's finger hovering over deal\"><\/div>                <div class=\"cta-link\"><a href=\"https:\/\/xccommerce.com\/contact\/?lang=fr\" class=\"btn\">Nous contacter<\/a><\/div>            <\/div>\r\n            <\/div>\r\n<\/div>\r\n\n\n\n<p><\/p>\n","protected":false},"excerpt":{"rendered":"<p>Architectureet technologie Enti\u00e8rement d\u00e9velopp\u00e9e par nos soins pour r\u00e9pondre aux besoins d&rsquo;un monde de vente au d\u00e9tail omnicanal, la suite de gestion des promotions et des coupons est une solution logicielle Java con\u00e7ue comme une application orient\u00e9e service, utilis\u00e9e pour la validation des crit\u00e8res li\u00e9s aux promotions et aux coupons&#8230;<\/p>\n","protected":false},"author":1,"featured_media":0,"parent":0,"menu_order":0,"comment_status":"closed","ping_status":"closed","template":"page-notitle.php","meta":{"_acf_changed":false,"_themeisle_gutenberg_block_has_review":false,"footnotes":""},"class_list":["post-5855","page","type-page","status-publish","hentry"],"acf":[],"yoast_head":"<!-- This site is optimized with the Yoast SEO plugin v27.5 - https:\/\/yoast.com\/product\/yoast-seo-wordpress\/ -->\n<title>Technologie - XCCommerce<\/title>\n<meta name=\"robots\" content=\"index, follow, max-snippet:-1, max-image-preview:large, max-video-preview:-1\" \/>\n<link rel=\"canonical\" href=\"https:\/\/xccommerce.com\/fr\/technologie\/\" \/>\n<meta property=\"og:locale\" content=\"fr_FR\" \/>\n<meta property=\"og:type\" content=\"article\" \/>\n<meta property=\"og:title\" content=\"Technologie - XCCommerce\" \/>\n<meta property=\"og:description\" content=\"Architectureet technologie Enti\u00e8rement d\u00e9velopp\u00e9e par nos soins pour r\u00e9pondre aux besoins d&rsquo;un monde de vente au d\u00e9tail omnicanal, la suite de gestion des promotions et des coupons est une solution logicielle Java con\u00e7ue comme une application orient\u00e9e service, utilis\u00e9e pour la validation des crit\u00e8res li\u00e9s aux promotions et aux coupons...\" \/>\n<meta property=\"og:url\" content=\"https:\/\/xccommerce.com\/fr\/technologie\/\" \/>\n<meta property=\"og:site_name\" content=\"XCCommerce\" \/>\n<meta property=\"article:modified_time\" content=\"2021-01-15T21:02:22+00:00\" \/>\n<meta property=\"og:image\" content=\"https:\/\/xccommerce.com\/wp-content\/uploads\/2021\/01\/computer-floating-897x1024.png\" \/>\n<meta name=\"twitter:card\" content=\"summary_large_image\" \/>\n<meta name=\"twitter:label1\" content=\"Dur\u00e9e de lecture estim\u00e9e\" \/>\n\t<meta name=\"twitter:data1\" content=\"2 minutes\" \/>\n<script type=\"application\/ld+json\" class=\"yoast-schema-graph\">{\"@context\":\"https:\\\/\\\/schema.org\",\"@graph\":[{\"@type\":\"WebPage\",\"@id\":\"https:\\\/\\\/xccommerce.com\\\/fr\\\/technologie\\\/\",\"url\":\"https:\\\/\\\/xccommerce.com\\\/fr\\\/technologie\\\/\",\"name\":\"Technologie - XCCommerce\",\"isPartOf\":{\"@id\":\"https:\\\/\\\/xccommerce.com\\\/fr\\\/#website\"},\"primaryImageOfPage\":{\"@id\":\"https:\\\/\\\/xccommerce.com\\\/fr\\\/technologie\\\/#primaryimage\"},\"image\":{\"@id\":\"https:\\\/\\\/xccommerce.com\\\/fr\\\/technologie\\\/#primaryimage\"},\"thumbnailUrl\":\"https:\\\/\\\/xccommerce.com\\\/wp-content\\\/uploads\\\/2021\\\/01\\\/computer-floating-897x1024.png\",\"datePublished\":\"2021-01-04T20:26:02+00:00\",\"dateModified\":\"2021-01-15T21:02:22+00:00\",\"breadcrumb\":{\"@id\":\"https:\\\/\\\/xccommerce.com\\\/fr\\\/technologie\\\/#breadcrumb\"},\"inLanguage\":\"fr-FR\",\"potentialAction\":[{\"@type\":\"ReadAction\",\"target\":[\"https:\\\/\\\/xccommerce.com\\\/fr\\\/technologie\\\/\"]}]},{\"@type\":\"ImageObject\",\"inLanguage\":\"fr-FR\",\"@id\":\"https:\\\/\\\/xccommerce.com\\\/fr\\\/technologie\\\/#primaryimage\",\"url\":\"https:\\\/\\\/xccommerce.com\\\/wp-content\\\/uploads\\\/2021\\\/01\\\/computer-floating-897x1024.png\",\"contentUrl\":\"https:\\\/\\\/xccommerce.com\\\/wp-content\\\/uploads\\\/2021\\\/01\\\/computer-floating-897x1024.png\"},{\"@type\":\"BreadcrumbList\",\"@id\":\"https:\\\/\\\/xccommerce.com\\\/fr\\\/technologie\\\/#breadcrumb\",\"itemListElement\":[{\"@type\":\"ListItem\",\"position\":1,\"name\":\"Home\",\"item\":\"https:\\\/\\\/xccommerce.com\\\/fr\\\/?lang=fr\"},{\"@type\":\"ListItem\",\"position\":2,\"name\":\"Technologie\"}]},{\"@type\":\"WebSite\",\"@id\":\"https:\\\/\\\/xccommerce.com\\\/fr\\\/#website\",\"url\":\"https:\\\/\\\/xccommerce.com\\\/fr\\\/\",\"name\":\"XCCommerce\",\"description\":\"Innovative and transformative solutions for retailers\",\"potentialAction\":[{\"@type\":\"SearchAction\",\"target\":{\"@type\":\"EntryPoint\",\"urlTemplate\":\"https:\\\/\\\/xccommerce.com\\\/fr\\\/?s={search_term_string}\"},\"query-input\":{\"@type\":\"PropertyValueSpecification\",\"valueRequired\":true,\"valueName\":\"search_term_string\"}}],\"inLanguage\":\"fr-FR\"}]}<\/script>\n<!-- \/ Yoast SEO plugin. -->","yoast_head_json":{"title":"Technologie - XCCommerce","robots":{"index":"index","follow":"follow","max-snippet":"max-snippet:-1","max-image-preview":"max-image-preview:large","max-video-preview":"max-video-preview:-1"},"canonical":"https:\/\/xccommerce.com\/fr\/technologie\/","og_locale":"fr_FR","og_type":"article","og_title":"Technologie - XCCommerce","og_description":"Architectureet technologie Enti\u00e8rement d\u00e9velopp\u00e9e par nos soins pour r\u00e9pondre aux besoins d&rsquo;un monde de vente au d\u00e9tail omnicanal, la suite de gestion des promotions et des coupons est une solution logicielle Java con\u00e7ue comme une application orient\u00e9e service, utilis\u00e9e pour la validation des crit\u00e8res li\u00e9s aux promotions et aux coupons...","og_url":"https:\/\/xccommerce.com\/fr\/technologie\/","og_site_name":"XCCommerce","article_modified_time":"2021-01-15T21:02:22+00:00","og_image":[{"url":"https:\/\/xccommerce.com\/wp-content\/uploads\/2021\/01\/computer-floating-897x1024.png","type":"","width":"","height":""}],"twitter_card":"summary_large_image","twitter_misc":{"Dur\u00e9e de lecture estim\u00e9e":"2 minutes"},"schema":{"@context":"https:\/\/schema.org","@graph":[{"@type":"WebPage","@id":"https:\/\/xccommerce.com\/fr\/technologie\/","url":"https:\/\/xccommerce.com\/fr\/technologie\/","name":"Technologie - XCCommerce","isPartOf":{"@id":"https:\/\/xccommerce.com\/fr\/#website"},"primaryImageOfPage":{"@id":"https:\/\/xccommerce.com\/fr\/technologie\/#primaryimage"},"image":{"@id":"https:\/\/xccommerce.com\/fr\/technologie\/#primaryimage"},"thumbnailUrl":"https:\/\/xccommerce.com\/wp-content\/uploads\/2021\/01\/computer-floating-897x1024.png","datePublished":"2021-01-04T20:26:02+00:00","dateModified":"2021-01-15T21:02:22+00:00","breadcrumb":{"@id":"https:\/\/xccommerce.com\/fr\/technologie\/#breadcrumb"},"inLanguage":"fr-FR","potentialAction":[{"@type":"ReadAction","target":["https:\/\/xccommerce.com\/fr\/technologie\/"]}]},{"@type":"ImageObject","inLanguage":"fr-FR","@id":"https:\/\/xccommerce.com\/fr\/technologie\/#primaryimage","url":"https:\/\/xccommerce.com\/wp-content\/uploads\/2021\/01\/computer-floating-897x1024.png","contentUrl":"https:\/\/xccommerce.com\/wp-content\/uploads\/2021\/01\/computer-floating-897x1024.png"},{"@type":"BreadcrumbList","@id":"https:\/\/xccommerce.com\/fr\/technologie\/#breadcrumb","itemListElement":[{"@type":"ListItem","position":1,"name":"Home","item":"https:\/\/xccommerce.com\/fr\/?lang=fr"},{"@type":"ListItem","position":2,"name":"Technologie"}]},{"@type":"WebSite","@id":"https:\/\/xccommerce.com\/fr\/#website","url":"https:\/\/xccommerce.com\/fr\/","name":"XCCommerce","description":"Innovative and transformative solutions for retailers","potentialAction":[{"@type":"SearchAction","target":{"@type":"EntryPoint","urlTemplate":"https:\/\/xccommerce.com\/fr\/?s={search_term_string}"},"query-input":{"@type":"PropertyValueSpecification","valueRequired":true,"valueName":"search_term_string"}}],"inLanguage":"fr-FR"}]}},"_links":{"self":[{"href":"https:\/\/xccommerce.com\/fr\/wp-json\/wp\/v2\/pages\/5855","targetHints":{"allow":["GET"]}}],"collection":[{"href":"https:\/\/xccommerce.com\/fr\/wp-json\/wp\/v2\/pages"}],"about":[{"href":"https:\/\/xccommerce.com\/fr\/wp-json\/wp\/v2\/types\/page"}],"author":[{"embeddable":true,"href":"https:\/\/xccommerce.com\/fr\/wp-json\/wp\/v2\/users\/1"}],"replies":[{"embeddable":true,"href":"https:\/\/xccommerce.com\/fr\/wp-json\/wp\/v2\/comments?post=5855"}],"version-history":[{"count":0,"href":"https:\/\/xccommerce.com\/fr\/wp-json\/wp\/v2\/pages\/5855\/revisions"}],"wp:attachment":[{"href":"https:\/\/xccommerce.com\/fr\/wp-json\/wp\/v2\/media?parent=5855"}],"curies":[{"name":"wp","href":"https:\/\/api.w.org\/{rel}","templated":true}]}}