{"id":5859,"date":"2021-01-04T20:27:26","date_gmt":"2021-01-04T20:27:26","guid":{"rendered":"https:\/\/xccommerce.com\/?page_id=5859"},"modified":"2021-01-18T15:32:26","modified_gmt":"2021-01-18T15:32:26","slug":"entreprise","status":"publish","type":"page","link":"https:\/\/xccommerce.com\/fr\/entreprise\/","title":{"rendered":"Entreprise"},"content":{"rendered":"\n<p>XCCommerce s&rsquo;est taill\u00e9 une r\u00e9putation enviable dans le secteur de la vente au d\u00e9tail en d\u00e9veloppant et en d\u00e9ployant des solutions de gestion des promotions innovantes et \u00e0 la pointe de la technologie. Nous sommes fiers de notre feuille de route. Nous nous targuons de respecter les d\u00e9lais et les budgets impartis pour la livraison des projets, tout en cr\u00e9ant des partenariats \u00e0 long terme porteurs d&rsquo;un rendement des investissements durable pour nos clients. Nous sommes reconnus dans le secteur du commerce de d\u00e9tail pour notre fiabilit\u00e9 \u00e0 offrir des solutions cibl\u00e9es et une expertise sp\u00e9cialis\u00e9e \u00e0 nos clients, qui vont des d\u00e9taillants de premier plan aux entreprises \u00e9mergentes.<\/p>\n\n\n\n<p>Nous sommes une entreprise priv\u00e9e dont le si\u00e8ge social est situ\u00e9 \u00e0 Montr\u00e9al (Canada), avec des bureaux \u00e0 Toronto et au Royaume-Uni.<\/p>\n\n\n\n<div class=\"wp-block-columns is-layout-flex wp-container-core-columns-is-layout-28f84493 wp-block-columns-is-layout-flex\">\n<div class=\"wp-block-column is-layout-flow wp-block-column-is-layout-flow\">\n<h3 class=\"wp-block-heading\" id=\"why-xccomerce\"><strong><strong>Pourquoi choisir XCCommerce<\/strong><\/strong><\/h3>\n\n\n\n<p>XCCommerce poss\u00e8de une solide feuille de route en mati\u00e8re de livraison de solutions novatrices dans des secteurs tr\u00e8s vari\u00e9s du commerce de d\u00e9tail, allant des \u00e9piceries et d\u00e9panneurs \u00e0 l&rsquo;industrie de la mode et du v\u00eatement en passant par les magasins de bricolage, les librairies et les boutiques de cadeaux. Nos clients comptent parmi la fine fleur du commerce de d\u00e9tail.<\/p>\n\n\n\n<p>Nos clients, petites comme grandes entreprises, peuvent compter sur nous pour livrer des solutions de qualit\u00e9 sup\u00e9rieure qui permettent de transformer l&rsquo;exp\u00e9rience de leurs clients et d&rsquo;assurer la facilit\u00e9 de mise en \u0153uvre et la coh\u00e9rence de leurs offres promotionnelles \u00e0 travers tous les canaux de vente contemporains. Nos \u00e9tudes de cas vous donneront de plus amples d\u00e9tails sur nos r\u00e9ussites en la mati\u00e8re.<\/p>\n<\/div>\n\n\n\n<div class=\"wp-block-column is-layout-flow wp-block-column-is-layout-flow\">\n<h3 class=\"wp-block-heading\" id=\"technology\"><strong><strong><strong>Notre approche<\/strong><\/strong><\/strong><\/h3>\n\n\n\n<p>La vente au d\u00e9tail est un secteur en constante \u00e9volution, tributaire des tendances culturelles et des clients. Par essence dynamique et de plus en plus mondialis\u00e9, ce secteur est \u00e0 l&rsquo;image de notre soci\u00e9t\u00e9 dans son ensemble. En tant qu&rsquo;entreprise, nous souhaitons offrir \u00e0 nos clients la capacit\u00e9 de r\u00e9agir rapidement aux tendances des consommateurs et de suivre les pratiques exemplaires en vigueur dans le secteur, afin de stimuler la croissance de leurs revenus en augmentant leurs possibilit\u00e9s.<\/p>\n<\/div>\n\n\n\n<div class=\"wp-block-column is-layout-flow wp-block-column-is-layout-flow\">\n<h3 class=\"wp-block-heading\" id=\"approach\"><strong><strong><strong>Notre m\u00e9thode<\/strong><\/strong><\/strong><\/h3>\n\n\n\n<p>Une promotion se doit d&rsquo;\u00eatre cr\u00e9ative, d&rsquo;inciter les consommateurs \u00e0 acheter et de les en r\u00e9compenser. Elle devrait aussi \u00eatre r\u00e9guli\u00e8rement renouvel\u00e9e afin d&rsquo;encourager les visites r\u00e9p\u00e9t\u00e9es et les achats suppl\u00e9mentaires. Nous estimons qu&rsquo;une course permanente aux rabais ne peut qu&rsquo;entra\u00eener un nivellement par le bas, avec des r\u00e9sultats pr\u00e9visibles.<\/p>\n\n\n\n<p>Chez XCCommerce, nous mettons la cr\u00e9ativit\u00e9 entre les mains de l&rsquo;entreprise utilisatrice, ce qui lui permet d&rsquo;agir en un temps record pour assurer la coh\u00e9rence de ses offres, favoriser la fid\u00e9lit\u00e9 \u00e0 long terme de ses clients et offrir une exp\u00e9rience client omnicanale.<\/p>\n<\/div>\n<\/div>\n\n\n\n<div class=\"wp-block-group alignfull shadow-top\"><div class=\"wp-block-group__inner-container is-layout-flow wp-block-group-is-layout-flow\"><div id=\"contact\" class=\"call-to-action lightblue-bg \">\r\n    <div class=\"row\">\r\n                    <div class=\"col-lg-6 text-center text-lg-left\">\r\n                <div class=\"cta-content\">\r\n                    <h2>Vous voulez en savoir plus? <small>Prenez contact avec nous<\/small><\/h2>                                    <\/div>\r\n            <\/div>\r\n            <div class=\"col-lg-6\">\r\n                <div class=\"cta-image\"><img decoding=\"async\" src=\"https:\/\/xccommerce.com\/wp-content\/uploads\/2020\/12\/Content-Personalization-monetate-scaled.jpeg\" alt=\"70% off coupon on mobile with user's finger hovering over deal\"><\/div>                <div class=\"cta-link\"><a href=\"https:\/\/xccommerce.com\/contact\/?lang=fr\" class=\"btn\">Nous contacter<\/a><\/div>            <\/div>\r\n            <\/div>\r\n<\/div>\r\n\n\n\n<p><\/p>\n<\/div><\/div>\n","protected":false},"excerpt":{"rendered":"<p>XCCommerce s&rsquo;est taill\u00e9 une r\u00e9putation enviable dans le secteur de la vente au d\u00e9tail en d\u00e9veloppant et en d\u00e9ployant des solutions de gestion des promotions innovantes et \u00e0 la pointe de la technologie. Nous sommes fiers de notre feuille de route. Nous nous targuons de respecter les d\u00e9lais et les&#8230;<\/p>\n","protected":false},"author":1,"featured_media":5648,"parent":0,"menu_order":0,"comment_status":"closed","ping_status":"closed","template":"page-imgDark.php","meta":{"_acf_changed":false,"_themeisle_gutenberg_block_has_review":false,"footnotes":""},"class_list":["post-5859","page","type-page","status-publish","has-post-thumbnail","hentry"],"acf":[],"yoast_head":"<!-- This site is optimized with the Yoast SEO plugin v27.4 - https:\/\/yoast.com\/product\/yoast-seo-wordpress\/ -->\n<title>Entreprise - XCCommerce<\/title>\n<meta name=\"robots\" content=\"index, follow, max-snippet:-1, max-image-preview:large, max-video-preview:-1\" \/>\n<link rel=\"canonical\" href=\"https:\/\/xccommerce.com\/fr\/entreprise\/\" \/>\n<meta property=\"og:locale\" content=\"fr_FR\" \/>\n<meta property=\"og:type\" content=\"article\" \/>\n<meta property=\"og:title\" content=\"Entreprise - XCCommerce\" \/>\n<meta property=\"og:description\" content=\"XCCommerce s&rsquo;est taill\u00e9 une r\u00e9putation enviable dans le secteur de la vente au d\u00e9tail en d\u00e9veloppant et en d\u00e9ployant des solutions de gestion des promotions innovantes et \u00e0 la pointe de la technologie. Nous sommes fiers de notre feuille de route. Nous nous targuons de respecter les d\u00e9lais et les...\" \/>\n<meta property=\"og:url\" content=\"https:\/\/xccommerce.com\/fr\/entreprise\/\" \/>\n<meta property=\"og:site_name\" content=\"XCCommerce\" \/>\n<meta property=\"article:modified_time\" content=\"2021-01-18T15:32:26+00:00\" \/>\n<meta property=\"og:image\" content=\"https:\/\/xccommerce.com\/wp-content\/uploads\/2020\/12\/GettyImages-1091348950-scaled.jpg\" \/>\n\t<meta property=\"og:image:width\" content=\"2560\" \/>\n\t<meta property=\"og:image:height\" content=\"1707\" \/>\n\t<meta property=\"og:image:type\" content=\"image\/jpeg\" \/>\n<meta name=\"twitter:card\" content=\"summary_large_image\" \/>\n<meta name=\"twitter:label1\" content=\"Dur\u00e9e de lecture estim\u00e9e\" \/>\n\t<meta name=\"twitter:data1\" content=\"2 minutes\" \/>\n<script type=\"application\/ld+json\" class=\"yoast-schema-graph\">{\"@context\":\"https:\\\/\\\/schema.org\",\"@graph\":[{\"@type\":\"WebPage\",\"@id\":\"https:\\\/\\\/xccommerce.com\\\/fr\\\/entreprise\\\/\",\"url\":\"https:\\\/\\\/xccommerce.com\\\/fr\\\/entreprise\\\/\",\"name\":\"Entreprise - XCCommerce\",\"isPartOf\":{\"@id\":\"https:\\\/\\\/xccommerce.com\\\/fr\\\/#website\"},\"primaryImageOfPage\":{\"@id\":\"https:\\\/\\\/xccommerce.com\\\/fr\\\/entreprise\\\/#primaryimage\"},\"image\":{\"@id\":\"https:\\\/\\\/xccommerce.com\\\/fr\\\/entreprise\\\/#primaryimage\"},\"thumbnailUrl\":\"https:\\\/\\\/xccommerce.com\\\/wp-content\\\/uploads\\\/2020\\\/12\\\/GettyImages-1091348950-scaled.jpg\",\"datePublished\":\"2021-01-04T20:27:26+00:00\",\"dateModified\":\"2021-01-18T15:32:26+00:00\",\"breadcrumb\":{\"@id\":\"https:\\\/\\\/xccommerce.com\\\/fr\\\/entreprise\\\/#breadcrumb\"},\"inLanguage\":\"fr-FR\",\"potentialAction\":[{\"@type\":\"ReadAction\",\"target\":[\"https:\\\/\\\/xccommerce.com\\\/fr\\\/entreprise\\\/\"]}]},{\"@type\":\"ImageObject\",\"inLanguage\":\"fr-FR\",\"@id\":\"https:\\\/\\\/xccommerce.com\\\/fr\\\/entreprise\\\/#primaryimage\",\"url\":\"https:\\\/\\\/xccommerce.com\\\/wp-content\\\/uploads\\\/2020\\\/12\\\/GettyImages-1091348950-scaled.jpg\",\"contentUrl\":\"https:\\\/\\\/xccommerce.com\\\/wp-content\\\/uploads\\\/2020\\\/12\\\/GettyImages-1091348950-scaled.jpg\",\"width\":2560,\"height\":1707},{\"@type\":\"BreadcrumbList\",\"@id\":\"https:\\\/\\\/xccommerce.com\\\/fr\\\/entreprise\\\/#breadcrumb\",\"itemListElement\":[{\"@type\":\"ListItem\",\"position\":1,\"name\":\"Home\",\"item\":\"https:\\\/\\\/xccommerce.com\\\/fr\\\/?lang=fr\"},{\"@type\":\"ListItem\",\"position\":2,\"name\":\"Entreprise\"}]},{\"@type\":\"WebSite\",\"@id\":\"https:\\\/\\\/xccommerce.com\\\/fr\\\/#website\",\"url\":\"https:\\\/\\\/xccommerce.com\\\/fr\\\/\",\"name\":\"XCCommerce\",\"description\":\"Innovative and transformative solutions for retailers\",\"potentialAction\":[{\"@type\":\"SearchAction\",\"target\":{\"@type\":\"EntryPoint\",\"urlTemplate\":\"https:\\\/\\\/xccommerce.com\\\/fr\\\/?s={search_term_string}\"},\"query-input\":{\"@type\":\"PropertyValueSpecification\",\"valueRequired\":true,\"valueName\":\"search_term_string\"}}],\"inLanguage\":\"fr-FR\"}]}<\/script>\n<!-- \/ Yoast SEO plugin. -->","yoast_head_json":{"title":"Entreprise - XCCommerce","robots":{"index":"index","follow":"follow","max-snippet":"max-snippet:-1","max-image-preview":"max-image-preview:large","max-video-preview":"max-video-preview:-1"},"canonical":"https:\/\/xccommerce.com\/fr\/entreprise\/","og_locale":"fr_FR","og_type":"article","og_title":"Entreprise - XCCommerce","og_description":"XCCommerce s&rsquo;est taill\u00e9 une r\u00e9putation enviable dans le secteur de la vente au d\u00e9tail en d\u00e9veloppant et en d\u00e9ployant des solutions de gestion des promotions innovantes et \u00e0 la pointe de la technologie. Nous sommes fiers de notre feuille de route. Nous nous targuons de respecter les d\u00e9lais et les...","og_url":"https:\/\/xccommerce.com\/fr\/entreprise\/","og_site_name":"XCCommerce","article_modified_time":"2021-01-18T15:32:26+00:00","og_image":[{"width":2560,"height":1707,"url":"https:\/\/xccommerce.com\/wp-content\/uploads\/2020\/12\/GettyImages-1091348950-scaled.jpg","type":"image\/jpeg"}],"twitter_card":"summary_large_image","twitter_misc":{"Dur\u00e9e de lecture estim\u00e9e":"2 minutes"},"schema":{"@context":"https:\/\/schema.org","@graph":[{"@type":"WebPage","@id":"https:\/\/xccommerce.com\/fr\/entreprise\/","url":"https:\/\/xccommerce.com\/fr\/entreprise\/","name":"Entreprise - XCCommerce","isPartOf":{"@id":"https:\/\/xccommerce.com\/fr\/#website"},"primaryImageOfPage":{"@id":"https:\/\/xccommerce.com\/fr\/entreprise\/#primaryimage"},"image":{"@id":"https:\/\/xccommerce.com\/fr\/entreprise\/#primaryimage"},"thumbnailUrl":"https:\/\/xccommerce.com\/wp-content\/uploads\/2020\/12\/GettyImages-1091348950-scaled.jpg","datePublished":"2021-01-04T20:27:26+00:00","dateModified":"2021-01-18T15:32:26+00:00","breadcrumb":{"@id":"https:\/\/xccommerce.com\/fr\/entreprise\/#breadcrumb"},"inLanguage":"fr-FR","potentialAction":[{"@type":"ReadAction","target":["https:\/\/xccommerce.com\/fr\/entreprise\/"]}]},{"@type":"ImageObject","inLanguage":"fr-FR","@id":"https:\/\/xccommerce.com\/fr\/entreprise\/#primaryimage","url":"https:\/\/xccommerce.com\/wp-content\/uploads\/2020\/12\/GettyImages-1091348950-scaled.jpg","contentUrl":"https:\/\/xccommerce.com\/wp-content\/uploads\/2020\/12\/GettyImages-1091348950-scaled.jpg","width":2560,"height":1707},{"@type":"BreadcrumbList","@id":"https:\/\/xccommerce.com\/fr\/entreprise\/#breadcrumb","itemListElement":[{"@type":"ListItem","position":1,"name":"Home","item":"https:\/\/xccommerce.com\/fr\/?lang=fr"},{"@type":"ListItem","position":2,"name":"Entreprise"}]},{"@type":"WebSite","@id":"https:\/\/xccommerce.com\/fr\/#website","url":"https:\/\/xccommerce.com\/fr\/","name":"XCCommerce","description":"Innovative and transformative solutions for retailers","potentialAction":[{"@type":"SearchAction","target":{"@type":"EntryPoint","urlTemplate":"https:\/\/xccommerce.com\/fr\/?s={search_term_string}"},"query-input":{"@type":"PropertyValueSpecification","valueRequired":true,"valueName":"search_term_string"}}],"inLanguage":"fr-FR"}]}},"_links":{"self":[{"href":"https:\/\/xccommerce.com\/fr\/wp-json\/wp\/v2\/pages\/5859","targetHints":{"allow":["GET"]}}],"collection":[{"href":"https:\/\/xccommerce.com\/fr\/wp-json\/wp\/v2\/pages"}],"about":[{"href":"https:\/\/xccommerce.com\/fr\/wp-json\/wp\/v2\/types\/page"}],"author":[{"embeddable":true,"href":"https:\/\/xccommerce.com\/fr\/wp-json\/wp\/v2\/users\/1"}],"replies":[{"embeddable":true,"href":"https:\/\/xccommerce.com\/fr\/wp-json\/wp\/v2\/comments?post=5859"}],"version-history":[{"count":0,"href":"https:\/\/xccommerce.com\/fr\/wp-json\/wp\/v2\/pages\/5859\/revisions"}],"wp:featuredmedia":[{"embeddable":true,"href":"https:\/\/xccommerce.com\/fr\/wp-json\/wp\/v2\/media\/5648"}],"wp:attachment":[{"href":"https:\/\/xccommerce.com\/fr\/wp-json\/wp\/v2\/media?parent=5859"}],"curies":[{"name":"wp","href":"https:\/\/api.w.org\/{rel}","templated":true}]}}