{"id":6201,"date":"2021-01-15T19:19:23","date_gmt":"2021-01-16T00:19:23","guid":{"rendered":"https:\/\/xccommerce.com\/?page_id=6201"},"modified":"2021-08-27T14:09:25","modified_gmt":"2021-08-27T18:09:25","slug":"download-promotion","status":"publish","type":"page","link":"https:\/\/xccommerce.com\/fr\/telechargements\/download-promotion\/","title":{"rendered":"Promotions qui s\u2019adaptent rapidement aux changements des demandes de la client\u00e8le."},"content":{"rendered":"\n<div style=\"height:100px\" aria-hidden=\"true\" class=\"wp-block-spacer\"><\/div>\n\n\n\n<div class=\"wp-block-columns are-vertically-aligned-center pt-5 is-layout-flex wp-container-core-columns-is-layout-28f84493 wp-block-columns-is-layout-flex\">\n<div class=\"wp-block-column is-vertically-aligned-center is-layout-flow wp-block-column-is-layout-flow\">\n<h2 class=\"wp-block-heading\">Promotions qui s\u2019adaptent rapidement <br><strong>aux changements des demandes de la client\u00e8le.<\/strong><\/h2>\n\n\n\n<p>Les promotions sont un outil cr\u00e9atif pour inciter et r\u00e9compenser votre client, fid\u00e9liser et augmenter la valeur \u00e0 long terme.<\/p>\n\n\n\n<p>Cependant, le succ\u00e8s d\u00e9pend de la compr\u00e9hension des comportements d&rsquo;achat et des pr\u00e9f\u00e9rences des clients et de la capacit\u00e9 de cr\u00e9er et d&rsquo;ex\u00e9cuter rapidement des promotions pour satisfaire une client\u00e8le de plus en plus exigeante et connect\u00e9e. <\/p>\n\n\n\n<p>T\u00e9l\u00e9chargez \u00ab&nbsp;Promotions qui s\u2019adaptent rapidement aux changements des demandes de la client\u00e8le&nbsp;\u00bb pour obtenir des informations sur les attitudes des consommateurs \u00e0 l&rsquo;\u00e9gard des promotions et en savoir plus sur la fa\u00e7on dont la technologie peut vous permettre de proposer des promotions omnicanales coh\u00e9rentes, opportunes et cibl\u00e9es, qui favorisent la fid\u00e9lit\u00e9 des clients tout en prot\u00e9geant les marges.<\/p>\n<\/div>\n\n\n\n<div class=\"wp-block-column is-vertically-aligned-center is-layout-flow wp-block-column-is-layout-flow\"><a  href=\"https:\/\/xccommerce.com\/wp-content\/uploads\/2021\/01\/XCCommerce_Promotion_Demand.pdf\"\r\n   target=\"_blank\" onclick=\"_gaq.push(['_trackEvent','T\u00e9l\u00e9chargez \u00ab\u00a0Promotions qui s\u2019adaptent rapidement aux changements des demandes de la client\u00e8le\u00a0\u00bb','PDF',this.href]);\"\r\n   class=\" file-download\">\r\n    <img decoding=\"async\" src=\"https:\/\/xccommerce.com\/wp-content\/uploads\/2021\/08\/XCCommerce-Promo-Guide-scaled.jpg\" alt=\"XCCommerce-Promo-Guide\">    <span class=\"title\">T\u00e9l\u00e9chargez \u00ab\u00a0Promotions qui s\u2019adaptent rapidement aux changements des demandes de la client\u00e8le\u00a0\u00bb<\/span>\r\n    <span class=\"fas fa-arrow-down icon\" aria-hidden=\"true\"><\/span>\r\n<\/a>\r\n<\/div>\n<\/div>\n\n\n\n<p><\/p>\n","protected":false},"excerpt":{"rendered":"<p>Promotions qui s\u2019adaptent rapidement aux changements des demandes de la client\u00e8le. Les promotions sont un outil cr\u00e9atif pour inciter et r\u00e9compenser votre client, fid\u00e9liser et augmenter la valeur \u00e0 long terme. Cependant, le succ\u00e8s d\u00e9pend de la compr\u00e9hension des comportements d&rsquo;achat et des pr\u00e9f\u00e9rences des clients et de la capacit\u00e9&#8230;<\/p>\n","protected":false},"author":1,"featured_media":0,"parent":7126,"menu_order":0,"comment_status":"closed","ping_status":"closed","template":"page-notitle.php","meta":{"_acf_changed":false,"_themeisle_gutenberg_block_has_review":false,"footnotes":""},"class_list":["post-6201","page","type-page","status-publish","hentry"],"acf":[],"yoast_head":"<!-- This site is optimized with the Yoast SEO plugin v27.5 - https:\/\/yoast.com\/product\/yoast-seo-wordpress\/ -->\n<title>Promotions qui s\u2019adaptent rapidement aux changements des demandes de la client\u00e8le. - XCCommerce<\/title>\n<meta name=\"robots\" content=\"index, follow, max-snippet:-1, max-image-preview:large, max-video-preview:-1\" \/>\n<link rel=\"canonical\" href=\"https:\/\/xccommerce.com\/fr\/telechargements\/download-promotion\/\" \/>\n<meta property=\"og:locale\" content=\"fr_FR\" \/>\n<meta property=\"og:type\" content=\"article\" \/>\n<meta property=\"og:title\" content=\"Promotions qui s\u2019adaptent rapidement aux changements des demandes de la client\u00e8le. - XCCommerce\" \/>\n<meta property=\"og:description\" content=\"Promotions qui s\u2019adaptent rapidement aux changements des demandes de la client\u00e8le. Les promotions sont un outil cr\u00e9atif pour inciter et r\u00e9compenser votre client, fid\u00e9liser et augmenter la valeur \u00e0 long terme. Cependant, le succ\u00e8s d\u00e9pend de la compr\u00e9hension des comportements d&rsquo;achat et des pr\u00e9f\u00e9rences des clients et de la capacit\u00e9...\" \/>\n<meta property=\"og:url\" content=\"https:\/\/xccommerce.com\/fr\/telechargements\/download-promotion\/\" \/>\n<meta property=\"og:site_name\" content=\"XCCommerce\" \/>\n<meta property=\"article:modified_time\" content=\"2021-08-27T18:09:25+00:00\" \/>\n<meta name=\"twitter:card\" content=\"summary_large_image\" \/>\n<meta name=\"twitter:label1\" content=\"Dur\u00e9e de lecture estim\u00e9e\" \/>\n\t<meta name=\"twitter:data1\" content=\"1 minute\" \/>\n<script type=\"application\/ld+json\" class=\"yoast-schema-graph\">{\"@context\":\"https:\\\/\\\/schema.org\",\"@graph\":[{\"@type\":\"WebPage\",\"@id\":\"https:\\\/\\\/xccommerce.com\\\/fr\\\/telechargements\\\/download-promotion\\\/\",\"url\":\"https:\\\/\\\/xccommerce.com\\\/fr\\\/telechargements\\\/download-promotion\\\/\",\"name\":\"Promotions qui s\u2019adaptent rapidement aux changements des demandes de la client\u00e8le. - XCCommerce\",\"isPartOf\":{\"@id\":\"https:\\\/\\\/xccommerce.com\\\/fr\\\/#website\"},\"datePublished\":\"2021-01-16T00:19:23+00:00\",\"dateModified\":\"2021-08-27T18:09:25+00:00\",\"breadcrumb\":{\"@id\":\"https:\\\/\\\/xccommerce.com\\\/fr\\\/telechargements\\\/download-promotion\\\/#breadcrumb\"},\"inLanguage\":\"fr-FR\",\"potentialAction\":[{\"@type\":\"ReadAction\",\"target\":[\"https:\\\/\\\/xccommerce.com\\\/fr\\\/telechargements\\\/download-promotion\\\/\"]}]},{\"@type\":\"BreadcrumbList\",\"@id\":\"https:\\\/\\\/xccommerce.com\\\/fr\\\/telechargements\\\/download-promotion\\\/#breadcrumb\",\"itemListElement\":[{\"@type\":\"ListItem\",\"position\":1,\"name\":\"Home\",\"item\":\"https:\\\/\\\/xccommerce.com\\\/fr\\\/?lang=fr\"},{\"@type\":\"ListItem\",\"position\":2,\"name\":\"T\u00e9l\u00e9chargements\",\"item\":\"https:\\\/\\\/xccommerce.com\\\/fr\\\/telechargements\\\/?lang=fr\"},{\"@type\":\"ListItem\",\"position\":3,\"name\":\"Promotions qui s\u2019adaptent rapidement aux changements des demandes de la client\u00e8le.\"}]},{\"@type\":\"WebSite\",\"@id\":\"https:\\\/\\\/xccommerce.com\\\/fr\\\/#website\",\"url\":\"https:\\\/\\\/xccommerce.com\\\/fr\\\/\",\"name\":\"XCCommerce\",\"description\":\"Innovative and transformative solutions for retailers\",\"potentialAction\":[{\"@type\":\"SearchAction\",\"target\":{\"@type\":\"EntryPoint\",\"urlTemplate\":\"https:\\\/\\\/xccommerce.com\\\/fr\\\/?s={search_term_string}\"},\"query-input\":{\"@type\":\"PropertyValueSpecification\",\"valueRequired\":true,\"valueName\":\"search_term_string\"}}],\"inLanguage\":\"fr-FR\"}]}<\/script>\n<!-- \/ Yoast SEO plugin. -->","yoast_head_json":{"title":"Promotions qui s\u2019adaptent rapidement aux changements des demandes de la client\u00e8le. - XCCommerce","robots":{"index":"index","follow":"follow","max-snippet":"max-snippet:-1","max-image-preview":"max-image-preview:large","max-video-preview":"max-video-preview:-1"},"canonical":"https:\/\/xccommerce.com\/fr\/telechargements\/download-promotion\/","og_locale":"fr_FR","og_type":"article","og_title":"Promotions qui s\u2019adaptent rapidement aux changements des demandes de la client\u00e8le. - XCCommerce","og_description":"Promotions qui s\u2019adaptent rapidement aux changements des demandes de la client\u00e8le. Les promotions sont un outil cr\u00e9atif pour inciter et r\u00e9compenser votre client, fid\u00e9liser et augmenter la valeur \u00e0 long terme. Cependant, le succ\u00e8s d\u00e9pend de la compr\u00e9hension des comportements d&rsquo;achat et des pr\u00e9f\u00e9rences des clients et de la capacit\u00e9...","og_url":"https:\/\/xccommerce.com\/fr\/telechargements\/download-promotion\/","og_site_name":"XCCommerce","article_modified_time":"2021-08-27T18:09:25+00:00","twitter_card":"summary_large_image","twitter_misc":{"Dur\u00e9e de lecture estim\u00e9e":"1 minute"},"schema":{"@context":"https:\/\/schema.org","@graph":[{"@type":"WebPage","@id":"https:\/\/xccommerce.com\/fr\/telechargements\/download-promotion\/","url":"https:\/\/xccommerce.com\/fr\/telechargements\/download-promotion\/","name":"Promotions qui s\u2019adaptent rapidement aux changements des demandes de la client\u00e8le. - XCCommerce","isPartOf":{"@id":"https:\/\/xccommerce.com\/fr\/#website"},"datePublished":"2021-01-16T00:19:23+00:00","dateModified":"2021-08-27T18:09:25+00:00","breadcrumb":{"@id":"https:\/\/xccommerce.com\/fr\/telechargements\/download-promotion\/#breadcrumb"},"inLanguage":"fr-FR","potentialAction":[{"@type":"ReadAction","target":["https:\/\/xccommerce.com\/fr\/telechargements\/download-promotion\/"]}]},{"@type":"BreadcrumbList","@id":"https:\/\/xccommerce.com\/fr\/telechargements\/download-promotion\/#breadcrumb","itemListElement":[{"@type":"ListItem","position":1,"name":"Home","item":"https:\/\/xccommerce.com\/fr\/?lang=fr"},{"@type":"ListItem","position":2,"name":"T\u00e9l\u00e9chargements","item":"https:\/\/xccommerce.com\/fr\/telechargements\/?lang=fr"},{"@type":"ListItem","position":3,"name":"Promotions qui s\u2019adaptent rapidement aux changements des demandes de la client\u00e8le."}]},{"@type":"WebSite","@id":"https:\/\/xccommerce.com\/fr\/#website","url":"https:\/\/xccommerce.com\/fr\/","name":"XCCommerce","description":"Innovative and transformative solutions for retailers","potentialAction":[{"@type":"SearchAction","target":{"@type":"EntryPoint","urlTemplate":"https:\/\/xccommerce.com\/fr\/?s={search_term_string}"},"query-input":{"@type":"PropertyValueSpecification","valueRequired":true,"valueName":"search_term_string"}}],"inLanguage":"fr-FR"}]}},"_links":{"self":[{"href":"https:\/\/xccommerce.com\/fr\/wp-json\/wp\/v2\/pages\/6201","targetHints":{"allow":["GET"]}}],"collection":[{"href":"https:\/\/xccommerce.com\/fr\/wp-json\/wp\/v2\/pages"}],"about":[{"href":"https:\/\/xccommerce.com\/fr\/wp-json\/wp\/v2\/types\/page"}],"author":[{"embeddable":true,"href":"https:\/\/xccommerce.com\/fr\/wp-json\/wp\/v2\/users\/1"}],"replies":[{"embeddable":true,"href":"https:\/\/xccommerce.com\/fr\/wp-json\/wp\/v2\/comments?post=6201"}],"version-history":[{"count":0,"href":"https:\/\/xccommerce.com\/fr\/wp-json\/wp\/v2\/pages\/6201\/revisions"}],"up":[{"embeddable":true,"href":"https:\/\/xccommerce.com\/fr\/wp-json\/wp\/v2\/pages\/7126"}],"wp:attachment":[{"href":"https:\/\/xccommerce.com\/fr\/wp-json\/wp\/v2\/media?parent=6201"}],"curies":[{"name":"wp","href":"https:\/\/api.w.org\/{rel}","templated":true}]}}